{"id":17238,"date":"2021-09-01T08:57:22","date_gmt":"2021-09-01T06:57:22","guid":{"rendered":"https:\/\/cfbenaim.com\/agenda\/inhabited-uninhabited-dates\/"},"modified":"2021-09-26T19:04:25","modified_gmt":"2021-09-26T17:04:25","slug":"inhabited-uninhabited-dates","status":"publish","type":"page","link":"https:\/\/cfbenaim.com\/en\/agenda\/inhabited-uninhabited-dates\/","title":{"rendered":"Inhabited, uninhabited dates"},"content":{"rendered":"<div class=\"wpb-content-wrapper\"><p>[vc_row equal_column_height=&#8221;equal&#8221;][vc_column grve_css=&#8221;{&#8220;desktop&#8220;:{&#8220;margin-top&#8220;:&#8220;-32&#8220;,&#8220;class&#8220;:&#8220;grve-wpb-1628411702700&#8220;}}&#8221;][vc_column_text]<div id=\"vsel\" class=\"vsel-shortcode vsel-shortcode-upcoming-events\"><p class=\"vsel-no-events\">No events are found.<\/p><\/div>[\/vc_column_text][\/vc_column][\/vc_row]<\/p>\n<\/div>","protected":false},"excerpt":{"rendered":"<p>[vc_row equal_column_height=&#8221;equal&#8221;][vc_column grve_css=&#8221;{&#8220;desktop&#8220;:{&#8220;margin-top&#8220;:&#8220;-32&#8220;,&#8220;class&#8220;:&#8220;grve-wpb-1628411702700&#8220;}}&#8221;][vc_column_text][\/vc_column_text][\/vc_column][\/vc_row]<\/p>\n","protected":false},"author":1,"featured_media":0,"parent":17218,"menu_order":0,"comment_status":"closed","ping_status":"closed","template":"","meta":{"footnotes":""},"class_list":["post-17238","page","type-page","status-publish","hentry","grve-entry-item"],"yoast_head":"<!-- This site is optimized with the Yoast SEO plugin v26.9 - https:\/\/yoast.com\/product\/yoast-seo-wordpress\/ -->\n<title>Inhabited, uninhabited dates - Compagnie Christian et Fran\u00e7ois Ben A\u00efm<\/title>\n<meta name=\"robots\" content=\"index, follow, max-snippet:-1, max-image-preview:large, max-video-preview:-1\" \/>\n<link rel=\"canonical\" href=\"https:\/\/cfbenaim.com\/en\/agenda\/inhabited-uninhabited-dates\/\" \/>\n<meta property=\"og:locale\" content=\"en_US\" \/>\n<meta property=\"og:type\" content=\"article\" \/>\n<meta property=\"og:title\" content=\"Inhabited, uninhabited dates - Compagnie Christian et Fran\u00e7ois Ben A\u00efm\" \/>\n<meta property=\"og:description\" content=\"[vc_row equal_column_height=&#8221;equal&#8221;][vc_column grve_css=&#8221;{&#8220;desktop&#8220;:{&#8220;margin-top&#8220;:&#8220;-32&#8220;,&#8220;class&#8220;:&#8220;grve-wpb-1628411702700&#8220;}}&#8221;][vc_column_text][\/vc_column_text][\/vc_column][\/vc_row]\" \/>\n<meta property=\"og:url\" content=\"https:\/\/cfbenaim.com\/en\/agenda\/inhabited-uninhabited-dates\/\" \/>\n<meta property=\"og:site_name\" content=\"Compagnie Christian et Fran\u00e7ois Ben A\u00efm\" \/>\n<meta property=\"article:publisher\" content=\"https:\/\/www.facebook.com\/christianetfrancoisbenaim\" \/>\n<meta property=\"article:modified_time\" content=\"2021-09-26T17:04:25+00:00\" \/>\n<meta property=\"og:image\" content=\"https:\/\/cfbenaim.com\/wp-content\/uploads\/2021\/07\/faceties.jpg\" \/>\n\t<meta property=\"og:image:width\" content=\"1920\" \/>\n\t<meta property=\"og:image:height\" content=\"1319\" \/>\n\t<meta property=\"og:image:type\" content=\"image\/jpeg\" \/>\n<meta name=\"twitter:card\" content=\"summary_large_image\" \/>\n<script type=\"application\/ld+json\" class=\"yoast-schema-graph\">{\"@context\":\"https:\/\/schema.org\",\"@graph\":[{\"@type\":\"WebPage\",\"@id\":\"https:\/\/cfbenaim.com\/en\/agenda\/inhabited-uninhabited-dates\/\",\"url\":\"https:\/\/cfbenaim.com\/en\/agenda\/inhabited-uninhabited-dates\/\",\"name\":\"Inhabited, uninhabited dates - Compagnie Christian et Fran\u00e7ois Ben A\u00efm\",\"isPartOf\":{\"@id\":\"https:\/\/cfbenaim.com\/#website\"},\"datePublished\":\"2021-09-01T06:57:22+00:00\",\"dateModified\":\"2021-09-26T17:04:25+00:00\",\"breadcrumb\":{\"@id\":\"https:\/\/cfbenaim.com\/en\/agenda\/inhabited-uninhabited-dates\/#breadcrumb\"},\"inLanguage\":\"en-US\",\"potentialAction\":[{\"@type\":\"ReadAction\",\"target\":[\"https:\/\/cfbenaim.com\/en\/agenda\/inhabited-uninhabited-dates\/\"]}]},{\"@type\":\"BreadcrumbList\",\"@id\":\"https:\/\/cfbenaim.com\/en\/agenda\/inhabited-uninhabited-dates\/#breadcrumb\",\"itemListElement\":[{\"@type\":\"ListItem\",\"position\":1,\"name\":\"Accueil\",\"item\":\"https:\/\/cfbenaim.com\/en\/\"},{\"@type\":\"ListItem\",\"position\":2,\"name\":\"Agenda\",\"item\":\"https:\/\/cfbenaim.com\/en\/agenda\/\"},{\"@type\":\"ListItem\",\"position\":3,\"name\":\"Inhabited, uninhabited dates\"}]},{\"@type\":\"WebSite\",\"@id\":\"https:\/\/cfbenaim.com\/#website\",\"url\":\"https:\/\/cfbenaim.com\/\",\"name\":\"Compagnie Christian et Fran\u00e7ois Ben A\u00efm\",\"description\":\"Chor\u00e9graphes\",\"publisher\":{\"@id\":\"https:\/\/cfbenaim.com\/#organization\"},\"potentialAction\":[{\"@type\":\"SearchAction\",\"target\":{\"@type\":\"EntryPoint\",\"urlTemplate\":\"https:\/\/cfbenaim.com\/?s={search_term_string}\"},\"query-input\":{\"@type\":\"PropertyValueSpecification\",\"valueRequired\":true,\"valueName\":\"search_term_string\"}}],\"inLanguage\":\"en-US\"},{\"@type\":\"Organization\",\"@id\":\"https:\/\/cfbenaim.com\/#organization\",\"name\":\"Compagnie Christian et Fran\u00e7ois Ben A\u00efm\",\"url\":\"https:\/\/cfbenaim.com\/\",\"logo\":{\"@type\":\"ImageObject\",\"inLanguage\":\"en-US\",\"@id\":\"https:\/\/cfbenaim.com\/#\/schema\/logo\/image\/\",\"url\":\"https:\/\/cfbenaim.com\/wp-content\/uploads\/2021\/07\/benaim_logo_noir.png\",\"contentUrl\":\"https:\/\/cfbenaim.com\/wp-content\/uploads\/2021\/07\/benaim_logo_noir.png\",\"width\":500,\"height\":413,\"caption\":\"Compagnie Christian et Fran\u00e7ois Ben A\u00efm\"},\"image\":{\"@id\":\"https:\/\/cfbenaim.com\/#\/schema\/logo\/image\/\"},\"sameAs\":[\"https:\/\/www.facebook.com\/christianetfrancoisbenaim\",\"https:\/\/www.instagram.com\/cfbenaim\/\",\"https:\/\/www.linkedin.com\/company\/christian-et-fran\u00e7ois-ben-a\u00efm\/\",\"https:\/\/www.youtube.com\/channel\/UCuWIHFD_xxAfpkyxSC25E6g\"]}]}<\/script>\n<!-- \/ Yoast SEO plugin. -->","yoast_head_json":{"title":"Inhabited, uninhabited dates - Compagnie Christian et Fran\u00e7ois Ben A\u00efm","robots":{"index":"index","follow":"follow","max-snippet":"max-snippet:-1","max-image-preview":"max-image-preview:large","max-video-preview":"max-video-preview:-1"},"canonical":"https:\/\/cfbenaim.com\/en\/agenda\/inhabited-uninhabited-dates\/","og_locale":"en_US","og_type":"article","og_title":"Inhabited, uninhabited dates - Compagnie Christian et Fran\u00e7ois Ben A\u00efm","og_description":"[vc_row equal_column_height=&#8221;equal&#8221;][vc_column grve_css=&#8221;{&#8220;desktop&#8220;:{&#8220;margin-top&#8220;:&#8220;-32&#8220;,&#8220;class&#8220;:&#8220;grve-wpb-1628411702700&#8220;}}&#8221;][vc_column_text][\/vc_column_text][\/vc_column][\/vc_row]","og_url":"https:\/\/cfbenaim.com\/en\/agenda\/inhabited-uninhabited-dates\/","og_site_name":"Compagnie Christian et Fran\u00e7ois Ben A\u00efm","article_publisher":"https:\/\/www.facebook.com\/christianetfrancoisbenaim","article_modified_time":"2021-09-26T17:04:25+00:00","og_image":[{"width":1920,"height":1319,"url":"https:\/\/cfbenaim.com\/wp-content\/uploads\/2021\/07\/faceties.jpg","type":"image\/jpeg"}],"twitter_card":"summary_large_image","schema":{"@context":"https:\/\/schema.org","@graph":[{"@type":"WebPage","@id":"https:\/\/cfbenaim.com\/en\/agenda\/inhabited-uninhabited-dates\/","url":"https:\/\/cfbenaim.com\/en\/agenda\/inhabited-uninhabited-dates\/","name":"Inhabited, uninhabited dates - Compagnie Christian et Fran\u00e7ois Ben A\u00efm","isPartOf":{"@id":"https:\/\/cfbenaim.com\/#website"},"datePublished":"2021-09-01T06:57:22+00:00","dateModified":"2021-09-26T17:04:25+00:00","breadcrumb":{"@id":"https:\/\/cfbenaim.com\/en\/agenda\/inhabited-uninhabited-dates\/#breadcrumb"},"inLanguage":"en-US","potentialAction":[{"@type":"ReadAction","target":["https:\/\/cfbenaim.com\/en\/agenda\/inhabited-uninhabited-dates\/"]}]},{"@type":"BreadcrumbList","@id":"https:\/\/cfbenaim.com\/en\/agenda\/inhabited-uninhabited-dates\/#breadcrumb","itemListElement":[{"@type":"ListItem","position":1,"name":"Accueil","item":"https:\/\/cfbenaim.com\/en\/"},{"@type":"ListItem","position":2,"name":"Agenda","item":"https:\/\/cfbenaim.com\/en\/agenda\/"},{"@type":"ListItem","position":3,"name":"Inhabited, uninhabited dates"}]},{"@type":"WebSite","@id":"https:\/\/cfbenaim.com\/#website","url":"https:\/\/cfbenaim.com\/","name":"Compagnie Christian et Fran\u00e7ois Ben A\u00efm","description":"Chor\u00e9graphes","publisher":{"@id":"https:\/\/cfbenaim.com\/#organization"},"potentialAction":[{"@type":"SearchAction","target":{"@type":"EntryPoint","urlTemplate":"https:\/\/cfbenaim.com\/?s={search_term_string}"},"query-input":{"@type":"PropertyValueSpecification","valueRequired":true,"valueName":"search_term_string"}}],"inLanguage":"en-US"},{"@type":"Organization","@id":"https:\/\/cfbenaim.com\/#organization","name":"Compagnie Christian et Fran\u00e7ois Ben A\u00efm","url":"https:\/\/cfbenaim.com\/","logo":{"@type":"ImageObject","inLanguage":"en-US","@id":"https:\/\/cfbenaim.com\/#\/schema\/logo\/image\/","url":"https:\/\/cfbenaim.com\/wp-content\/uploads\/2021\/07\/benaim_logo_noir.png","contentUrl":"https:\/\/cfbenaim.com\/wp-content\/uploads\/2021\/07\/benaim_logo_noir.png","width":500,"height":413,"caption":"Compagnie Christian et Fran\u00e7ois Ben A\u00efm"},"image":{"@id":"https:\/\/cfbenaim.com\/#\/schema\/logo\/image\/"},"sameAs":["https:\/\/www.facebook.com\/christianetfrancoisbenaim","https:\/\/www.instagram.com\/cfbenaim\/","https:\/\/www.linkedin.com\/company\/christian-et-fran\u00e7ois-ben-a\u00efm\/","https:\/\/www.youtube.com\/channel\/UCuWIHFD_xxAfpkyxSC25E6g"]}]}},"_links":{"self":[{"href":"https:\/\/cfbenaim.com\/en\/wp-json\/wp\/v2\/pages\/17238","targetHints":{"allow":["GET"]}}],"collection":[{"href":"https:\/\/cfbenaim.com\/en\/wp-json\/wp\/v2\/pages"}],"about":[{"href":"https:\/\/cfbenaim.com\/en\/wp-json\/wp\/v2\/types\/page"}],"author":[{"embeddable":true,"href":"https:\/\/cfbenaim.com\/en\/wp-json\/wp\/v2\/users\/1"}],"replies":[{"embeddable":true,"href":"https:\/\/cfbenaim.com\/en\/wp-json\/wp\/v2\/comments?post=17238"}],"version-history":[{"count":1,"href":"https:\/\/cfbenaim.com\/en\/wp-json\/wp\/v2\/pages\/17238\/revisions"}],"predecessor-version":[{"id":17239,"href":"https:\/\/cfbenaim.com\/en\/wp-json\/wp\/v2\/pages\/17238\/revisions\/17239"}],"up":[{"embeddable":true,"href":"https:\/\/cfbenaim.com\/en\/wp-json\/wp\/v2\/pages\/17218"}],"wp:attachment":[{"href":"https:\/\/cfbenaim.com\/en\/wp-json\/wp\/v2\/media?parent=17238"}],"curies":[{"name":"wp","href":"https:\/\/api.w.org\/{rel}","templated":true}]}}