{"id":17252,"date":"2021-08-07T16:47:03","date_gmt":"2021-08-07T14:47:03","guid":{"rendered":"https:\/\/cfbenaim.com\/contacts\/"},"modified":"2024-01-08T16:57:33","modified_gmt":"2024-01-08T15:57:33","slug":"contacts","status":"publish","type":"page","link":"https:\/\/cfbenaim.com\/en\/contacts\/","title":{"rendered":"Contacts"},"content":{"rendered":"<div class=\"wpb-content-wrapper\"><p>[vc_row padding_bottom_multiplier=&#8221;2x&#8221; scroll_section_title=&#8221;Contact&#8221;][vc_column width=&#8221;1\/2&#8243; column_sticky=&#8221;yes&#8221; column_sticky_offset=&#8221;80&#8243;]<h5 class=\"grve-element grve-title grve-align-inherit grve-h5\" style=\"margin-bottom: 24px;\"><span>Christian and Fran\u00e7ois Ben A\u00efm Company<\/span><\/h5>[vc_column_text css=&#8221;.vc_custom_1631258675977{margin-bottom: 24px !important;}&#8221;]CFB 451<br \/>\n11 rue du 14 juillet \u2013 MCVA &#8211;\u00a094270 Le Kremlin-Bic\u00eatre,\u00a0France[\/vc_column_text]<h6 class=\"grve-element grve-title grve-align-inherit grve-h6\"><span>+33 (0)1 43 60 76 11<\/span><\/h6>[\/vc_column][vc_column width=&#8221;1\/2&#8243;]<h5 class=\"grve-element grve-title grve-align-inherit grve-subtitle-text\"><span>Executive manager<\/span><\/h5>[vc_column_text css=&#8221;.vc_custom_1631197090853{margin-bottom: 24px !important;}&#8221;]Lola Renoud-Lias<br \/>\n<a href=\"mailto:administration@cfbenaim.com\"><span style=\"text-decoration: underline;\">administration@cfbenaim.com<\/span><\/a>[\/vc_column_text]<h5 class=\"grve-element grve-title grve-align-inherit grve-subtitle-text\"><span>Producer and tour manager (France)<\/span><\/h5>[vc_column_text css=&#8221;.vc_custom_1694186677639{margin-bottom: 24px !important;}&#8221;]Anne-Laure Fleischel<br \/>\n<a href=\"mailto:diffusion@cfbenaim.com\">diffusion@cfbenaim.com<\/a><br \/>\n&amp;<br \/>\nTifenn Pavie<br \/>\n<a href=\"mailto:tournees@cfbenaim.com\">tournees@cfbenaim.com<\/a><br \/>\n+33 (0)6 50 37 89 36[\/vc_column_text]<h5 class=\"grve-element grve-title grve-align-inherit grve-subtitle-text\"><span>Marketing and tour manager (International)<\/span><\/h5>[vc_column_text css=&#8221;.vc_custom_1704729450289{margin-bottom: 24px !important;}&#8221;]In\u00e8s Mouzarine<br \/>\n<a href=\"mailto:communication@cfbenaim.com\"><span style=\"text-decoration: underline;\">communication@cfbenaim.com<\/span><\/a>[\/vc_column_text]<h5 class=\"grve-element grve-title grve-align-inherit grve-subtitle-text\"><span>Press and public relations<\/span><\/h5>[vc_column_text css=&#8221;.vc_custom_1631258824251{margin-bottom: 24px !important;}&#8221;]<em>Elektron Libre \/\u00a0<\/em>Olivier Saksik<br \/>\n<a href=\"mailto:olivier@elektronlibre.net\"><span style=\"text-decoration: underline;\">olivier@elektronlibre.net<\/span><\/a><br \/>\n+33 (0)6 73 80 99 23[\/vc_column_text][\/vc_column][\/vc_row][vc_row rc_bg_type=&#8221;color&#8221; tablet_columns_vertical_gap=&#8221;20&#8243; tablet_sm_columns_vertical_gap=&#8221;20&#8243; mobile_columns_vertical_gap=&#8221;20&#8243; rc_bg_color=&#8221;#f9f9f9&#8243;][vc_column width=&#8221;1\/6&#8243; vertical_content_position=&#8221;middle&#8221; tablet_width=&#8221;1-3&#8243;]<h6 class=\"grve-element grve-title grve-align-inherit grve-subtitle-text\"><span>Follow us<\/span><\/h6>[\/vc_column][vc_column width=&#8221;1\/6&#8243; vertical_content_position=&#8221;middle&#8221; tablet_width=&#8221;1-3&#8243; mobile_width=&#8221;1-2&#8243;]<div class=\"grve-element grve-box-icon grve-medium grve-side-icon grve-align-left grve-vertical-align-middle grve-layout-1\"><a href=\"https:\/\/www.instagram.com\/cfbenaim\/\" target=\"_blank\"><div class=\"grve-box-title-wrapper\"><div class=\"grve-wrapper-icon grve-image-icon\"><div class=\"grve-thumbnail-wrapper\"  style=\"width: 24px;\"><div class=\"grve-thumbnail\"  style=\"padding-top: 100%;\"><img loading=\"lazy\" decoding=\"async\" width=\"24\" height=\"24\" src=\"https:\/\/cfbenaim.com\/wp-content\/uploads\/2021\/09\/instagram1x.png\" class=\"attachment-full size-full\" alt=\"\" srcset=\"https:\/\/cfbenaim.com\/wp-content\/uploads\/2021\/09\/instagram1x.png 1x,https:\/\/cfbenaim.com\/wp-content\/uploads\/2021\/09\/instagram2x.png 2x\" data-column-space=\"auto\" data-lazyload=\"\" data-grve-filter=\"yes\" \/><\/div><\/div><\/div><h6 class=\"grve-box-title grve-small-text\">Instagram<\/h6><\/div><\/a><\/div>[\/vc_column][vc_column width=&#8221;1\/6&#8243; vertical_content_position=&#8221;middle&#8221; tablet_width=&#8221;1-3&#8243; mobile_width=&#8221;1-2&#8243;]<div class=\"grve-element grve-box-icon grve-medium grve-side-icon grve-align-left grve-vertical-align-middle grve-layout-1\"><a href=\"https:\/\/www.facebook.com\/christianetfrancoisbenaim\" target=\"_blank\"><div class=\"grve-box-title-wrapper\"><div class=\"grve-wrapper-icon grve-image-icon\"><div class=\"grve-thumbnail-wrapper\"  style=\"width: 24px;\"><div class=\"grve-thumbnail\"  style=\"padding-top: 100%;\"><img loading=\"lazy\" decoding=\"async\" width=\"24\" height=\"24\" src=\"https:\/\/cfbenaim.com\/wp-content\/uploads\/2021\/09\/facebook1x.png\" class=\"attachment-full size-full\" alt=\"\" srcset=\"https:\/\/cfbenaim.com\/wp-content\/uploads\/2021\/09\/facebook1x.png 1x,https:\/\/cfbenaim.com\/wp-content\/uploads\/2021\/09\/facebook2x.png 2x\" data-column-space=\"auto\" data-lazyload=\"\" data-grve-filter=\"yes\" \/><\/div><\/div><\/div><h6 class=\"grve-box-title grve-small-text\">Facebook<\/h6><\/div><\/a><\/div>[\/vc_column][vc_column width=&#8221;1\/6&#8243; vertical_content_position=&#8221;middle&#8221; tablet_width=&#8221;1-3&#8243; mobile_width=&#8221;1-2&#8243;]<div class=\"grve-element grve-box-icon grve-medium grve-side-icon grve-align-left grve-vertical-align-middle grve-layout-1\"><a href=\"https:\/\/www.youtube.com\/channel\/UCuWIHFD_xxAfpkyxSC25E6g\" target=\"_blank\"><div class=\"grve-box-title-wrapper\"><div class=\"grve-wrapper-icon grve-image-icon\"><div class=\"grve-thumbnail-wrapper\"  style=\"width: 35px;\"><div class=\"grve-thumbnail\"  style=\"padding-top: 68.571%;\"><img loading=\"lazy\" decoding=\"async\" width=\"35\" height=\"24\" src=\"https:\/\/cfbenaim.com\/wp-content\/uploads\/2021\/09\/youtube1x.png\" class=\"attachment-full size-full\" alt=\"\" srcset=\"https:\/\/cfbenaim.com\/wp-content\/uploads\/2021\/09\/youtube1x.png 1x,https:\/\/cfbenaim.com\/wp-content\/uploads\/2021\/09\/youtube2x.png 2x\" data-column-space=\"auto\" data-lazyload=\"\" data-grve-filter=\"yes\" \/><\/div><\/div><\/div><h6 class=\"grve-box-title grve-small-text\">YouTube<\/h6><\/div><\/a><\/div>[\/vc_column][vc_column width=&#8221;1\/6&#8243; vertical_content_position=&#8221;middle&#8221; tablet_width=&#8221;1-3&#8243; mobile_width=&#8221;1-2&#8243;]<div class=\"grve-element grve-box-icon grve-medium grve-side-icon grve-align-left grve-vertical-align-middle grve-layout-1\"><a href=\"https:\/\/www.linkedin.com\/company\/christian-et-fran\u00e7ois-ben-a\u00efm\/\" target=\"_blank\"><div class=\"grve-box-title-wrapper\"><div class=\"grve-wrapper-icon grve-image-icon\"><div class=\"grve-thumbnail-wrapper\"  style=\"width: 24px;\"><div class=\"grve-thumbnail\"  style=\"padding-top: 100%;\"><img loading=\"lazy\" decoding=\"async\" width=\"24\" height=\"24\" src=\"https:\/\/cfbenaim.com\/wp-content\/uploads\/2021\/09\/linkedin1x.png\" class=\"attachment-full size-full\" alt=\"\" srcset=\"https:\/\/cfbenaim.com\/wp-content\/uploads\/2021\/09\/linkedin1x.png 1x,https:\/\/cfbenaim.com\/wp-content\/uploads\/2021\/09\/linkedin2x.png 2x\" data-column-space=\"auto\" data-lazyload=\"\" data-grve-filter=\"yes\" \/><\/div><\/div><\/div><h6 class=\"grve-box-title grve-small-text\">LinkedIn<\/h6><\/div><\/a><\/div>[\/vc_column][vc_column width=&#8221;1\/6&#8243; vertical_content_position=&#8221;middle&#8221; tablet_width=&#8221;1-3&#8243; mobile_width=&#8221;1-2&#8243;]<div class=\"grve-element grve-box-icon grve-medium grve-side-icon grve-align-left grve-vertical-align-middle grve-layout-1\"><a href=\"https:\/\/www.numeridanse.tv\/dance-videotheque?type=search&#038;search=christian%20et%20fran\u00e7ois%20ben%20aim&#038;offset=0&#038;limit=12&#038;ressource=*&#038;date=*&#038;country=*&#038;contributor=*&#038;format=*&#038;geo=*&#038;sort=relevance&#038;collection=\" target=\"_blank\"><div class=\"grve-box-title-wrapper\"><div class=\"grve-wrapper-icon grve-image-icon\"><div class=\"grve-thumbnail-wrapper\"  style=\"width: 38px;\"><div class=\"grve-thumbnail\"  style=\"padding-top: 63.158%;\"><img loading=\"lazy\" decoding=\"async\" width=\"38\" height=\"24\" src=\"https:\/\/cfbenaim.com\/wp-content\/uploads\/2021\/09\/numeridanse-logo1x.png\" class=\"attachment-full size-full\" alt=\"\" srcset=\"https:\/\/cfbenaim.com\/wp-content\/uploads\/2021\/09\/numeridanse-logo1x.png 1x,https:\/\/cfbenaim.com\/wp-content\/uploads\/2021\/09\/numeridanse-logo2x.png 2x\" data-column-space=\"auto\" data-lazyload=\"\" data-grve-filter=\"yes\" \/><\/div><\/div><\/div><h6 class=\"grve-box-title grve-small-text\">Numeridanse<\/h6><\/div><\/a><\/div>[\/vc_column][\/vc_row][vc_row padding_top_multiplier=&#8221;2x&#8221; section_id=&#8221;cfnewsletter&#8221;][vc_column width=&#8221;1\/4&#8243;][\/vc_column][vc_column width=&#8221;1\/2&#8243;][vc_column_text]<\/p>\n<p style=\"text-align: center;\">Never miss any news from the company&#8230;<\/p>\n<p>[\/vc_column_text]<h5 class=\"grve-element grve-title grve-align-center grve-h5\" style=\"margin-bottom: 40px;\"><span>Subscribe to our newsletter<\/span><\/h5><div class=\"grve-element grve-contact-form grve-form-btn-simple grve-form-btn-extra-round grve-form-btn-bg-primary-1 grve-form-btn-bg-hover-black grve-form-btn-medium grve-form-input-border-type-underline grve-form-input-border-primary-1 grve-form-input-text-black grve-form-input-placeholder-black grve-form-input-bg-primary-5\">\n<div class=\"wpcf7 no-js\" id=\"wpcf7-f17676-o1\" lang=\"en-US\" dir=\"ltr\" data-wpcf7-id=\"17676\">\n<div class=\"screen-reader-response\"><p role=\"status\" aria-live=\"polite\" aria-atomic=\"true\"><\/p> <ul><\/ul><\/div>\n<form action=\"\/en\/wp-json\/wp\/v2\/pages\/17252#wpcf7-f17676-o1\" method=\"post\" class=\"wpcf7-form init\" aria-label=\"Contact form\" novalidate=\"novalidate\" data-status=\"init\">\n<fieldset class=\"hidden-fields-container\"><input type=\"hidden\" name=\"_wpcf7\" value=\"17676\" \/><input type=\"hidden\" name=\"_wpcf7_version\" value=\"6.1.5\" \/><input type=\"hidden\" name=\"_wpcf7_locale\" value=\"en_US\" \/><input type=\"hidden\" name=\"_wpcf7_unit_tag\" value=\"wpcf7-f17676-o1\" \/><input type=\"hidden\" name=\"_wpcf7_container_post\" value=\"0\" \/><input type=\"hidden\" name=\"_wpcf7_posted_data_hash\" value=\"\" \/><input type=\"hidden\" name=\"_wpcf7_recaptcha_response\" value=\"\" \/>\n<\/fieldset>\n<label> Your name\r\n    <span class=\"wpcf7-form-control-wrap\" data-name=\"your-name\"><input size=\"40\" maxlength=\"400\" class=\"wpcf7-form-control wpcf7-text wpcf7-validates-as-required\" aria-required=\"true\" aria-invalid=\"false\" value=\"\" type=\"text\" name=\"your-name\" \/><\/span> <\/label>\r\n\r\n<label> Your email\r\n    <span class=\"wpcf7-form-control-wrap\" data-name=\"your-email\"><input size=\"40\" maxlength=\"400\" class=\"wpcf7-form-control wpcf7-email wpcf7-validates-as-required wpcf7-text wpcf7-validates-as-email\" aria-required=\"true\" aria-invalid=\"false\" value=\"\" type=\"email\" name=\"your-email\" \/><\/span> <\/label>\r\n\r\n<span class=\"wpcf7-form-control-wrap\" data-name=\"acceptance-888\"><span class=\"wpcf7-form-control wpcf7-acceptance optional\"><span class=\"wpcf7-list-item\"><label><input type=\"checkbox\" name=\"acceptance-888\" value=\"1\" aria-invalid=\"false\" \/><span class=\"wpcf7-list-item-label\">I have read and agree to the <a href=\"https:\/\/cfbenaim.com\/en\/privacy-policy\/\">privacy policy<\/a><\/span><\/label><\/span><\/span><\/span>\r\n\r\n<input class=\"wpcf7-form-control wpcf7-submit has-spinner\" type=\"submit\" value=\"Submit\" \/><div class=\"wpcf7-response-output\" aria-hidden=\"true\"><\/div>\n<\/form>\n<\/div>\n<\/div>[\/vc_column][vc_column width=&#8221;1\/4&#8243;][\/vc_column][\/vc_row]<\/p>\n<\/div>","protected":false},"excerpt":{"rendered":"<p>[vc_row padding_bottom_multiplier=&#8221;2x&#8221; scroll_section_title=&#8221;Contact&#8221;][vc_column width=&#8221;1\/2&#8243; column_sticky=&#8221;yes&#8221; column_sticky_offset=&#8221;80&#8243;][vc_column_text css=&#8221;.vc_custom_1631258675977{margin-bottom: 24px !important;}&#8221;]CFB 451 11 rue du 14 juillet \u2013 MCVA &#8211;\u00a094270 Le Kremlin-Bic\u00eatre,\u00a0France[\/vc_column_text][\/vc_column][vc_column width=&#8221;1\/2&#8243;][vc_column_text css=&#8221;.vc_custom_1631197090853{margin-bottom: 24px !important;}&#8221;]Lola Renoud-Lias administration@cfbenaim.com[\/vc_column_text][vc_column_text css=&#8221;.vc_custom_1694186677639{margin-bottom: 24px !important;}&#8221;]Anne-Laure Fleischel diffusion@cfbenaim.com &amp; Tifenn Pavie tournees@cfbenaim.com +33 (0)6 50 37 89 36[\/vc_column_text][vc_column_text css=&#8221;.vc_custom_1704729450289{margin-bottom: 24px !important;}&#8221;]In\u00e8s Mouzarine communication@cfbenaim.com[\/vc_column_text][vc_column_text css=&#8221;.vc_custom_1631258824251{margin-bottom: 24px !important;}&#8221;]Elektron Libre \/\u00a0Olivier Saksik olivier@elektronlibre.net +33 (0)6 [&hellip;]<\/p>\n","protected":false},"author":1,"featured_media":16925,"parent":0,"menu_order":0,"comment_status":"closed","ping_status":"closed","template":"","meta":{"footnotes":""},"class_list":["post-17252","page","type-page","status-publish","has-post-thumbnail","hentry","grve-entry-item"],"yoast_head":"<!-- This site is optimized with the Yoast SEO plugin v26.9 - https:\/\/yoast.com\/product\/yoast-seo-wordpress\/ -->\n<title>Contacts - Compagnie Christian et Fran\u00e7ois Ben A\u00efm<\/title>\n<meta name=\"robots\" content=\"index, follow, max-snippet:-1, max-image-preview:large, max-video-preview:-1\" \/>\n<link rel=\"canonical\" href=\"https:\/\/cfbenaim.com\/en\/contacts\/\" \/>\n<meta property=\"og:locale\" content=\"en_US\" \/>\n<meta property=\"og:type\" content=\"article\" \/>\n<meta property=\"og:title\" content=\"Contacts - Compagnie Christian et Fran\u00e7ois Ben A\u00efm\" \/>\n<meta property=\"og:description\" content=\"[vc_row padding_bottom_multiplier=&#8221;2x&#8221; scroll_section_title=&#8221;Contact&#8221;][vc_column width=&#8221;1\/2&#8243; column_sticky=&#8221;yes&#8221; column_sticky_offset=&#8221;80&#8243;][vc_column_text css=&#8221;.vc_custom_1631258675977{margin-bottom: 24px !important;}&#8221;]CFB 451 11 rue du 14 juillet \u2013 MCVA &#8211;\u00a094270 Le Kremlin-Bic\u00eatre,\u00a0France[\/vc_column_text][\/vc_column][vc_column width=&#8221;1\/2&#8243;][vc_column_text css=&#8221;.vc_custom_1631197090853{margin-bottom: 24px !important;}&#8221;]Lola Renoud-Lias administration@cfbenaim.com[\/vc_column_text][vc_column_text css=&#8221;.vc_custom_1694186677639{margin-bottom: 24px !important;}&#8221;]Anne-Laure Fleischel diffusion@cfbenaim.com &amp; Tifenn Pavie tournees@cfbenaim.com +33 (0)6 50 37 89 36[\/vc_column_text][vc_column_text css=&#8221;.vc_custom_1704729450289{margin-bottom: 24px !important;}&#8221;]In\u00e8s Mouzarine communication@cfbenaim.com[\/vc_column_text][vc_column_text css=&#8221;.vc_custom_1631258824251{margin-bottom: 24px !important;}&#8221;]Elektron Libre \/\u00a0Olivier Saksik olivier@elektronlibre.net +33 (0)6 [&hellip;]\" \/>\n<meta property=\"og:url\" content=\"https:\/\/cfbenaim.com\/en\/contacts\/\" \/>\n<meta property=\"og:site_name\" content=\"Compagnie Christian et Fran\u00e7ois Ben A\u00efm\" \/>\n<meta property=\"article:publisher\" content=\"https:\/\/www.facebook.com\/christianetfrancoisbenaim\" \/>\n<meta property=\"article:modified_time\" content=\"2024-01-08T15:57:33+00:00\" \/>\n<meta property=\"og:image\" content=\"https:\/\/cfbenaim.com\/wp-content\/uploads\/2021\/09\/page-conctact-BNCI-5-Patrick-Berger.jpg\" \/>\n\t<meta property=\"og:image:width\" content=\"1920\" \/>\n\t<meta property=\"og:image:height\" content=\"1600\" \/>\n\t<meta property=\"og:image:type\" content=\"image\/jpeg\" \/>\n<meta name=\"twitter:card\" content=\"summary_large_image\" \/>\n<meta name=\"twitter:label1\" content=\"Est. reading time\" \/>\n\t<meta name=\"twitter:data1\" content=\"1 minute\" \/>\n<script type=\"application\/ld+json\" class=\"yoast-schema-graph\">{\"@context\":\"https:\/\/schema.org\",\"@graph\":[{\"@type\":\"WebPage\",\"@id\":\"https:\/\/cfbenaim.com\/en\/contacts\/\",\"url\":\"https:\/\/cfbenaim.com\/en\/contacts\/\",\"name\":\"Contacts - Compagnie Christian et Fran\u00e7ois Ben A\u00efm\",\"isPartOf\":{\"@id\":\"https:\/\/cfbenaim.com\/#website\"},\"primaryImageOfPage\":{\"@id\":\"https:\/\/cfbenaim.com\/en\/contacts\/#primaryimage\"},\"image\":{\"@id\":\"https:\/\/cfbenaim.com\/en\/contacts\/#primaryimage\"},\"thumbnailUrl\":\"https:\/\/cfbenaim.com\/wp-content\/uploads\/2021\/09\/page-conctact-BNCI-5-Patrick-Berger.jpg\",\"datePublished\":\"2021-08-07T14:47:03+00:00\",\"dateModified\":\"2024-01-08T15:57:33+00:00\",\"breadcrumb\":{\"@id\":\"https:\/\/cfbenaim.com\/en\/contacts\/#breadcrumb\"},\"inLanguage\":\"en-US\",\"potentialAction\":[{\"@type\":\"ReadAction\",\"target\":[\"https:\/\/cfbenaim.com\/en\/contacts\/\"]}]},{\"@type\":\"ImageObject\",\"inLanguage\":\"en-US\",\"@id\":\"https:\/\/cfbenaim.com\/en\/contacts\/#primaryimage\",\"url\":\"https:\/\/cfbenaim.com\/wp-content\/uploads\/2021\/09\/page-conctact-BNCI-5-Patrick-Berger.jpg\",\"contentUrl\":\"https:\/\/cfbenaim.com\/wp-content\/uploads\/2021\/09\/page-conctact-BNCI-5-Patrick-Berger.jpg\",\"width\":1920,\"height\":1600,\"caption\":\"BRULENT NOS COEURS INSOUMIS, Choregraphie\u00a0Christian et Francois Ben Aim, Ecriture et dramaturgie\u00a0Guillaume Poix, Creation musicale\u00a0Ibrahim Maalouf, Scenographie\u00a0Camille Duchemin, Creation lumieres\u00a0Laurent Patissier, Assistante choregraphique\u00a0Jessica Fouche ; Musiciens : Ibrahim Maalouf et le Quatuor Voce, seance de travail, Theatre de Chatillon le 29 octobre 2016.Avec : Fabien Almakiewicz, Christian Ben Aim, Francois Ben Aim, Felix Heaulme(photo by Patrick Berger)\"},{\"@type\":\"BreadcrumbList\",\"@id\":\"https:\/\/cfbenaim.com\/en\/contacts\/#breadcrumb\",\"itemListElement\":[{\"@type\":\"ListItem\",\"position\":1,\"name\":\"Accueil\",\"item\":\"https:\/\/cfbenaim.com\/en\/\"},{\"@type\":\"ListItem\",\"position\":2,\"name\":\"Contacts\"}]},{\"@type\":\"WebSite\",\"@id\":\"https:\/\/cfbenaim.com\/#website\",\"url\":\"https:\/\/cfbenaim.com\/\",\"name\":\"Compagnie Christian et Fran\u00e7ois Ben A\u00efm\",\"description\":\"Chor\u00e9graphes\",\"publisher\":{\"@id\":\"https:\/\/cfbenaim.com\/#organization\"},\"potentialAction\":[{\"@type\":\"SearchAction\",\"target\":{\"@type\":\"EntryPoint\",\"urlTemplate\":\"https:\/\/cfbenaim.com\/?s={search_term_string}\"},\"query-input\":{\"@type\":\"PropertyValueSpecification\",\"valueRequired\":true,\"valueName\":\"search_term_string\"}}],\"inLanguage\":\"en-US\"},{\"@type\":\"Organization\",\"@id\":\"https:\/\/cfbenaim.com\/#organization\",\"name\":\"Compagnie Christian et Fran\u00e7ois Ben A\u00efm\",\"url\":\"https:\/\/cfbenaim.com\/\",\"logo\":{\"@type\":\"ImageObject\",\"inLanguage\":\"en-US\",\"@id\":\"https:\/\/cfbenaim.com\/#\/schema\/logo\/image\/\",\"url\":\"https:\/\/cfbenaim.com\/wp-content\/uploads\/2021\/07\/benaim_logo_noir.png\",\"contentUrl\":\"https:\/\/cfbenaim.com\/wp-content\/uploads\/2021\/07\/benaim_logo_noir.png\",\"width\":500,\"height\":413,\"caption\":\"Compagnie Christian et Fran\u00e7ois Ben A\u00efm\"},\"image\":{\"@id\":\"https:\/\/cfbenaim.com\/#\/schema\/logo\/image\/\"},\"sameAs\":[\"https:\/\/www.facebook.com\/christianetfrancoisbenaim\",\"https:\/\/www.instagram.com\/cfbenaim\/\",\"https:\/\/www.linkedin.com\/company\/christian-et-fran\u00e7ois-ben-a\u00efm\/\",\"https:\/\/www.youtube.com\/channel\/UCuWIHFD_xxAfpkyxSC25E6g\"]}]}<\/script>\n<!-- \/ Yoast SEO plugin. -->","yoast_head_json":{"title":"Contacts - Compagnie Christian et Fran\u00e7ois Ben A\u00efm","robots":{"index":"index","follow":"follow","max-snippet":"max-snippet:-1","max-image-preview":"max-image-preview:large","max-video-preview":"max-video-preview:-1"},"canonical":"https:\/\/cfbenaim.com\/en\/contacts\/","og_locale":"en_US","og_type":"article","og_title":"Contacts - Compagnie Christian et Fran\u00e7ois Ben A\u00efm","og_description":"[vc_row padding_bottom_multiplier=&#8221;2x&#8221; scroll_section_title=&#8221;Contact&#8221;][vc_column width=&#8221;1\/2&#8243; column_sticky=&#8221;yes&#8221; column_sticky_offset=&#8221;80&#8243;][vc_column_text css=&#8221;.vc_custom_1631258675977{margin-bottom: 24px !important;}&#8221;]CFB 451 11 rue du 14 juillet \u2013 MCVA &#8211;\u00a094270 Le Kremlin-Bic\u00eatre,\u00a0France[\/vc_column_text][\/vc_column][vc_column width=&#8221;1\/2&#8243;][vc_column_text css=&#8221;.vc_custom_1631197090853{margin-bottom: 24px !important;}&#8221;]Lola Renoud-Lias administration@cfbenaim.com[\/vc_column_text][vc_column_text css=&#8221;.vc_custom_1694186677639{margin-bottom: 24px !important;}&#8221;]Anne-Laure Fleischel diffusion@cfbenaim.com &amp; Tifenn Pavie tournees@cfbenaim.com +33 (0)6 50 37 89 36[\/vc_column_text][vc_column_text css=&#8221;.vc_custom_1704729450289{margin-bottom: 24px !important;}&#8221;]In\u00e8s Mouzarine communication@cfbenaim.com[\/vc_column_text][vc_column_text css=&#8221;.vc_custom_1631258824251{margin-bottom: 24px !important;}&#8221;]Elektron Libre \/\u00a0Olivier Saksik olivier@elektronlibre.net +33 (0)6 [&hellip;]","og_url":"https:\/\/cfbenaim.com\/en\/contacts\/","og_site_name":"Compagnie Christian et Fran\u00e7ois Ben A\u00efm","article_publisher":"https:\/\/www.facebook.com\/christianetfrancoisbenaim","article_modified_time":"2024-01-08T15:57:33+00:00","og_image":[{"width":1920,"height":1600,"url":"https:\/\/cfbenaim.com\/wp-content\/uploads\/2021\/09\/page-conctact-BNCI-5-Patrick-Berger.jpg","type":"image\/jpeg"}],"twitter_card":"summary_large_image","twitter_misc":{"Est. reading time":"1 minute"},"schema":{"@context":"https:\/\/schema.org","@graph":[{"@type":"WebPage","@id":"https:\/\/cfbenaim.com\/en\/contacts\/","url":"https:\/\/cfbenaim.com\/en\/contacts\/","name":"Contacts - Compagnie Christian et Fran\u00e7ois Ben A\u00efm","isPartOf":{"@id":"https:\/\/cfbenaim.com\/#website"},"primaryImageOfPage":{"@id":"https:\/\/cfbenaim.com\/en\/contacts\/#primaryimage"},"image":{"@id":"https:\/\/cfbenaim.com\/en\/contacts\/#primaryimage"},"thumbnailUrl":"https:\/\/cfbenaim.com\/wp-content\/uploads\/2021\/09\/page-conctact-BNCI-5-Patrick-Berger.jpg","datePublished":"2021-08-07T14:47:03+00:00","dateModified":"2024-01-08T15:57:33+00:00","breadcrumb":{"@id":"https:\/\/cfbenaim.com\/en\/contacts\/#breadcrumb"},"inLanguage":"en-US","potentialAction":[{"@type":"ReadAction","target":["https:\/\/cfbenaim.com\/en\/contacts\/"]}]},{"@type":"ImageObject","inLanguage":"en-US","@id":"https:\/\/cfbenaim.com\/en\/contacts\/#primaryimage","url":"https:\/\/cfbenaim.com\/wp-content\/uploads\/2021\/09\/page-conctact-BNCI-5-Patrick-Berger.jpg","contentUrl":"https:\/\/cfbenaim.com\/wp-content\/uploads\/2021\/09\/page-conctact-BNCI-5-Patrick-Berger.jpg","width":1920,"height":1600,"caption":"BRULENT NOS COEURS INSOUMIS, Choregraphie\u00a0Christian et Francois Ben Aim, Ecriture et dramaturgie\u00a0Guillaume Poix, Creation musicale\u00a0Ibrahim Maalouf, Scenographie\u00a0Camille Duchemin, Creation lumieres\u00a0Laurent Patissier, Assistante choregraphique\u00a0Jessica Fouche ; Musiciens : Ibrahim Maalouf et le Quatuor Voce, seance de travail, Theatre de Chatillon le 29 octobre 2016.Avec : Fabien Almakiewicz, Christian Ben Aim, Francois Ben Aim, Felix Heaulme(photo by Patrick Berger)"},{"@type":"BreadcrumbList","@id":"https:\/\/cfbenaim.com\/en\/contacts\/#breadcrumb","itemListElement":[{"@type":"ListItem","position":1,"name":"Accueil","item":"https:\/\/cfbenaim.com\/en\/"},{"@type":"ListItem","position":2,"name":"Contacts"}]},{"@type":"WebSite","@id":"https:\/\/cfbenaim.com\/#website","url":"https:\/\/cfbenaim.com\/","name":"Compagnie Christian et Fran\u00e7ois Ben A\u00efm","description":"Chor\u00e9graphes","publisher":{"@id":"https:\/\/cfbenaim.com\/#organization"},"potentialAction":[{"@type":"SearchAction","target":{"@type":"EntryPoint","urlTemplate":"https:\/\/cfbenaim.com\/?s={search_term_string}"},"query-input":{"@type":"PropertyValueSpecification","valueRequired":true,"valueName":"search_term_string"}}],"inLanguage":"en-US"},{"@type":"Organization","@id":"https:\/\/cfbenaim.com\/#organization","name":"Compagnie Christian et Fran\u00e7ois Ben A\u00efm","url":"https:\/\/cfbenaim.com\/","logo":{"@type":"ImageObject","inLanguage":"en-US","@id":"https:\/\/cfbenaim.com\/#\/schema\/logo\/image\/","url":"https:\/\/cfbenaim.com\/wp-content\/uploads\/2021\/07\/benaim_logo_noir.png","contentUrl":"https:\/\/cfbenaim.com\/wp-content\/uploads\/2021\/07\/benaim_logo_noir.png","width":500,"height":413,"caption":"Compagnie Christian et Fran\u00e7ois Ben A\u00efm"},"image":{"@id":"https:\/\/cfbenaim.com\/#\/schema\/logo\/image\/"},"sameAs":["https:\/\/www.facebook.com\/christianetfrancoisbenaim","https:\/\/www.instagram.com\/cfbenaim\/","https:\/\/www.linkedin.com\/company\/christian-et-fran\u00e7ois-ben-a\u00efm\/","https:\/\/www.youtube.com\/channel\/UCuWIHFD_xxAfpkyxSC25E6g"]}]}},"_links":{"self":[{"href":"https:\/\/cfbenaim.com\/en\/wp-json\/wp\/v2\/pages\/17252","targetHints":{"allow":["GET"]}}],"collection":[{"href":"https:\/\/cfbenaim.com\/en\/wp-json\/wp\/v2\/pages"}],"about":[{"href":"https:\/\/cfbenaim.com\/en\/wp-json\/wp\/v2\/types\/page"}],"author":[{"embeddable":true,"href":"https:\/\/cfbenaim.com\/en\/wp-json\/wp\/v2\/users\/1"}],"replies":[{"embeddable":true,"href":"https:\/\/cfbenaim.com\/en\/wp-json\/wp\/v2\/comments?post=17252"}],"version-history":[{"count":13,"href":"https:\/\/cfbenaim.com\/en\/wp-json\/wp\/v2\/pages\/17252\/revisions"}],"predecessor-version":[{"id":19343,"href":"https:\/\/cfbenaim.com\/en\/wp-json\/wp\/v2\/pages\/17252\/revisions\/19343"}],"wp:featuredmedia":[{"embeddable":true,"href":"https:\/\/cfbenaim.com\/en\/wp-json\/wp\/v2\/media\/16925"}],"wp:attachment":[{"href":"https:\/\/cfbenaim.com\/en\/wp-json\/wp\/v2\/media?parent=17252"}],"curies":[{"name":"wp","href":"https:\/\/api.w.org\/{rel}","templated":true}]}}