{"id":17258,"date":"2021-09-20T08:07:28","date_gmt":"2021-09-20T06:07:28","guid":{"rendered":"https:\/\/cfbenaim.com\/the-company\/"},"modified":"2021-10-07T11:52:58","modified_gmt":"2021-10-07T09:52:58","slug":"the-company","status":"publish","type":"page","link":"https:\/\/cfbenaim.com\/en\/the-company\/","title":{"rendered":"The company"},"content":{"rendered":"<div class=\"wpb-content-wrapper\"><p>[vc_row columns_gap=&#8221;30&#8243;][vc_column width=&#8221;1\/2&#8243; add_column_link=&#8221;yes&#8221; column_link=&#8221;url:https%3A%2F%2Fcfbenaim.com%2Fen%2Fthe-company%2Fproject%2F|title:Project&#8221; hover_animation=&#8221;emphasized&#8221; grve_css=&#8221;{&#8220;desktop&#8220;:{&#8220;margin-bottom&#8220;:&#8220;30&#8220;,&#8220;class&#8220;:&#8220;grve-wpb-1632121211098&#8220;}}&#8221;]<div class=\"grve-element grve-media-box grve-align-left grve-style-2 grve-radius-3\" style=\"min-height: 340px;\"><div class=\"grve-background-wrapper\"><div class=\"grve-bg-image\"   style=\"background-image: url(https:\/\/cfbenaim.com\/wp-content\/uploads\/2021\/09\/page-projet-FACETIES-Christian-Francois-BEN-AIM-_c-Patrick-BERGER-2-1024x537.jpg);\"><\/div><div class=\"grve-bg-overlay grve-bg-black grve-opacity-40\"><\/div><\/div><div class=\"grve-content-wrapper grve-fixed-colors grve-headings-white grve-text-white grve-link-white grve-link-hover-white\"><div class=\"grve-box-content\"><div class=\"grve-content-inner\"><h3 class=\"grve-box-title grve-page-title\">Project<\/h3>    <p class=\"grve-subtitle\">Choreographic approach<\/p><\/div>  <\/div><\/div><\/div>[\/vc_column][vc_column width=&#8221;1\/2&#8243; add_column_link=&#8221;yes&#8221; column_link=&#8221;url:https%3A%2F%2Fcfbenaim.com%2Fen%2Fthe-company%2Fbackground%2F|title:Background&#8221; hover_animation=&#8221;emphasized&#8221; grve_css=&#8221;{&#8220;desktop&#8220;:{&#8220;margin-bottom&#8220;:&#8220;30&#8220;,&#8220;class&#8220;:&#8220;grve-wpb-1632120321702&#8220;}}&#8221;]<div class=\"grve-element grve-media-box grve-align-left grve-style-2 grve-radius-3\" style=\"min-height: 340px;\"><div class=\"grve-background-wrapper\"><div class=\"grve-bg-image\"   style=\"background-image: url(https:\/\/cfbenaim.com\/wp-content\/uploads\/2021\/09\/Portrait-page-parcours-Patrick-Berger-1-1024x479.jpg);\"><\/div><div class=\"grve-bg-overlay grve-bg-black grve-opacity-25\"><\/div><\/div><div class=\"grve-content-wrapper grve-fixed-colors grve-headings-white grve-text-white grve-link-white grve-link-hover-white\"><div class=\"grve-box-content\"><div class=\"grve-content-inner\"><h3 class=\"grve-box-title grve-page-title\">Background<\/h3>    <p class=\"grve-subtitle\">A brotherly tandem, a path of creations<\/p><\/div>  <\/div><\/div><\/div>[\/vc_column][vc_column add_column_link=&#8221;yes&#8221; column_link=&#8221;url:https%3A%2F%2Fcfbenaim.com%2Fen%2Fthe-company%2Fteam-and-board%2F|title:Team%20et%20board&#8221; hover_animation=&#8221;emphasized&#8221; grve_css=&#8221;{&#8220;desktop&#8220;:{&#8220;margin-bottom&#8220;:&#8220;30&#8220;,&#8220;class&#8220;:&#8220;grve-wpb-1632120327292&#8220;}}&#8221;]<div class=\"grve-element grve-media-box grve-align-left grve-style-2 grve-radius-3\" style=\"min-height: 340px;\"><div class=\"grve-background-wrapper\"><div class=\"grve-bg-image\"   style=\"background-image: url(https:\/\/cfbenaim.com\/wp-content\/uploads\/2021\/09\/page-equipe-FACETIES-Christian-Francois-BEN-AIM-Patrick-BERGER-19.jpg);\"><\/div><div class=\"grve-bg-overlay grve-bg-black grve-opacity-25\"><\/div><\/div><div class=\"grve-content-wrapper grve-fixed-colors grve-headings-white grve-text-white grve-link-white grve-link-hover-white\"><div class=\"grve-box-content\"><div class=\"grve-content-inner\"><h3 class=\"grve-box-title grve-page-title\">Team &amp; board<\/h3>    <p class=\"grve-subtitle\">Artists, collaborators, administration &amp; board<\/p><\/div>  <\/div><\/div><\/div>[\/vc_column][vc_column width=&#8221;1\/2&#8243; add_column_link=&#8221;yes&#8221; column_link=&#8221;url:https%3A%2F%2Fcfbenaim.com%2Fen%2Fthe-company%2Fa-school-for-spectators%2F|title:A%20%C3%Aschool%20for%20spectators&#8221; hover_animation=&#8221;emphasized&#8221; grve_css=&#8221;{&#8220;desktop&#8220;:{&#8220;margin-bottom&#8220;:&#8220;30&#8220;,&#8220;class&#8220;:&#8220;grve-wpb-1632120334081&#8220;}}&#8221;]<div class=\"grve-element grve-media-box grve-align-left grve-style-2 grve-radius-3\" style=\"min-height: 340px;\"><div class=\"grve-background-wrapper\"><div class=\"grve-bg-image\"   style=\"background-image: url(https:\/\/cfbenaim.com\/wp-content\/uploads\/2021\/09\/page-ecole-du-spectateur-FACETIES-Christian-Francois-BEN-AIM-Patrick-BERGER-32-1-1024x518.jpg);\"><\/div><div class=\"grve-bg-overlay grve-bg-black grve-opacity-25\"><\/div><\/div><div class=\"grve-content-wrapper grve-fixed-colors grve-headings-white grve-text-white grve-link-white grve-link-hover-white\"><div class=\"grve-box-content\"><div class=\"grve-content-inner\"><h3 class=\"grve-box-title grve-page-title\">A school for spectators<\/h3>    <p class=\"grve-subtitle\">Artistic initiatives<\/p><\/div>  <\/div><\/div><\/div>[\/vc_column][vc_column width=&#8221;1\/2&#8243; add_column_link=&#8221;yes&#8221; column_link=&#8221;url:https%3A%2F%2Fcfbenaim.com%2Fen%2Fthe-company%2Fpartners%2F|title:Partners&#8221; hover_animation=&#8221;emphasized&#8221; grve_css=&#8221;{&#8220;desktop&#8220;:{&#8220;margin-bottom&#8220;:&#8220;30&#8220;,&#8220;class&#8220;:&#8220;grve-wpb-1632120339993&#8220;}}&#8221;]<div class=\"grve-element grve-media-box grve-align-left grve-style-2 grve-radius-3\" style=\"min-height: 340px;\"><div class=\"grve-background-wrapper\"><div class=\"grve-bg-image\"   style=\"background-image: url(https:\/\/cfbenaim.com\/wp-content\/uploads\/2021\/09\/page-partenaires-Peuple-depeuple-Patrick-Berger-3-1-1024x700.jpg);\"><\/div><div class=\"grve-bg-overlay grve-bg-black grve-opacity-25\"><\/div><\/div><div class=\"grve-content-wrapper grve-fixed-colors grve-headings-white grve-text-white grve-link-white grve-link-hover-white\"><div class=\"grve-box-content\"><div class=\"grve-content-inner\"><h3 class=\"grve-box-title grve-page-title\">Partners<\/h3>    <p class=\"grve-subtitle\">Company support<\/p><\/div>  <\/div><\/div><\/div>[\/vc_column][\/vc_row]<\/p>\n<\/div>","protected":false},"excerpt":{"rendered":"<p>[vc_row columns_gap=&#8221;30&#8243;][vc_column width=&#8221;1\/2&#8243; add_column_link=&#8221;yes&#8221; column_link=&#8221;url:https%3A%2F%2Fcfbenaim.com%2Fen%2Fthe-company%2Fproject%2F|title:Project&#8221; hover_animation=&#8221;emphasized&#8221; grve_css=&#8221;{&#8220;desktop&#8220;:{&#8220;margin-bottom&#8220;:&#8220;30&#8220;,&#8220;class&#8220;:&#8220;grve-wpb-1632121211098&#8220;}}&#8221;][\/vc_column][vc_column width=&#8221;1\/2&#8243; add_column_link=&#8221;yes&#8221; column_link=&#8221;url:https%3A%2F%2Fcfbenaim.com%2Fen%2Fthe-company%2Fbackground%2F|title:Background&#8221; hover_animation=&#8221;emphasized&#8221; grve_css=&#8221;{&#8220;desktop&#8220;:{&#8220;margin-bottom&#8220;:&#8220;30&#8220;,&#8220;class&#8220;:&#8220;grve-wpb-1632120321702&#8220;}}&#8221;][\/vc_column][vc_column add_column_link=&#8221;yes&#8221; column_link=&#8221;url:https%3A%2F%2Fcfbenaim.com%2Fen%2Fthe-company%2Fteam-and-board%2F|title:Team%20et%20board&#8221; hover_animation=&#8221;emphasized&#8221; grve_css=&#8221;{&#8220;desktop&#8220;:{&#8220;margin-bottom&#8220;:&#8220;30&#8220;,&#8220;class&#8220;:&#8220;grve-wpb-1632120327292&#8220;}}&#8221;][\/vc_column][vc_column width=&#8221;1\/2&#8243; add_column_link=&#8221;yes&#8221; column_link=&#8221;url:https%3A%2F%2Fcfbenaim.com%2Fen%2Fthe-company%2Fa-school-for-spectators%2F|title:A%20%C3%Aschool%20for%20spectators&#8221; hover_animation=&#8221;emphasized&#8221; grve_css=&#8221;{&#8220;desktop&#8220;:{&#8220;margin-bottom&#8220;:&#8220;30&#8220;,&#8220;class&#8220;:&#8220;grve-wpb-1632120334081&#8220;}}&#8221;][\/vc_column][vc_column width=&#8221;1\/2&#8243; add_column_link=&#8221;yes&#8221; column_link=&#8221;url:https%3A%2F%2Fcfbenaim.com%2Fen%2Fthe-company%2Fpartners%2F|title:Partners&#8221; hover_animation=&#8221;emphasized&#8221; grve_css=&#8221;{&#8220;desktop&#8220;:{&#8220;margin-bottom&#8220;:&#8220;30&#8220;,&#8220;class&#8220;:&#8220;grve-wpb-1632120339993&#8220;}}&#8221;][\/vc_column][\/vc_row]<\/p>\n","protected":false},"author":1,"featured_media":16933,"parent":0,"menu_order":0,"comment_status":"closed","ping_status":"closed","template":"","meta":{"footnotes":""},"class_list":["post-17258","page","type-page","status-publish","has-post-thumbnail","hentry","grve-entry-item"],"yoast_head":"<!-- This site is optimized with the Yoast SEO plugin v27.5 - https:\/\/yoast.com\/product\/yoast-seo-wordpress\/ -->\n<title>The company - Compagnie Christian et Fran\u00e7ois Ben A\u00efm<\/title>\n<meta name=\"robots\" content=\"index, follow, max-snippet:-1, max-image-preview:large, max-video-preview:-1\" \/>\n<link rel=\"canonical\" href=\"https:\/\/cfbenaim.com\/en\/the-company\/\" \/>\n<meta property=\"og:locale\" content=\"en_US\" \/>\n<meta property=\"og:type\" content=\"article\" \/>\n<meta property=\"og:title\" content=\"The company - Compagnie Christian et Fran\u00e7ois Ben A\u00efm\" \/>\n<meta property=\"og:description\" content=\"[vc_row columns_gap=&#8221;30&#8243;][vc_column width=&#8221;1\/2&#8243; add_column_link=&#8221;yes&#8221; column_link=&#8221;url:https%3A%2F%2Fcfbenaim.com%2Fen%2Fthe-company%2Fproject%2F|title:Project&#8221; hover_animation=&#8221;emphasized&#8221; grve_css=&#8221;{&#8220;desktop&#8220;:{&#8220;margin-bottom&#8220;:&#8220;30&#8220;,&#8220;class&#8220;:&#8220;grve-wpb-1632121211098&#8220;}}&#8221;][\/vc_column][vc_column width=&#8221;1\/2&#8243; add_column_link=&#8221;yes&#8221; column_link=&#8221;url:https%3A%2F%2Fcfbenaim.com%2Fen%2Fthe-company%2Fbackground%2F|title:Background&#8221; hover_animation=&#8221;emphasized&#8221; grve_css=&#8221;{&#8220;desktop&#8220;:{&#8220;margin-bottom&#8220;:&#8220;30&#8220;,&#8220;class&#8220;:&#8220;grve-wpb-1632120321702&#8220;}}&#8221;][\/vc_column][vc_column add_column_link=&#8221;yes&#8221; column_link=&#8221;url:https%3A%2F%2Fcfbenaim.com%2Fen%2Fthe-company%2Fteam-and-board%2F|title:Team%20et%20board&#8221; hover_animation=&#8221;emphasized&#8221; grve_css=&#8221;{&#8220;desktop&#8220;:{&#8220;margin-bottom&#8220;:&#8220;30&#8220;,&#8220;class&#8220;:&#8220;grve-wpb-1632120327292&#8220;}}&#8221;][\/vc_column][vc_column width=&#8221;1\/2&#8243; add_column_link=&#8221;yes&#8221; column_link=&#8221;url:https%3A%2F%2Fcfbenaim.com%2Fen%2Fthe-company%2Fa-school-for-spectators%2F|title:A%20%C3%Aschool%20for%20spectators&#8221; hover_animation=&#8221;emphasized&#8221; grve_css=&#8221;{&#8220;desktop&#8220;:{&#8220;margin-bottom&#8220;:&#8220;30&#8220;,&#8220;class&#8220;:&#8220;grve-wpb-1632120334081&#8220;}}&#8221;][\/vc_column][vc_column width=&#8221;1\/2&#8243; add_column_link=&#8221;yes&#8221; column_link=&#8221;url:https%3A%2F%2Fcfbenaim.com%2Fen%2Fthe-company%2Fpartners%2F|title:Partners&#8221; hover_animation=&#8221;emphasized&#8221; grve_css=&#8221;{&#8220;desktop&#8220;:{&#8220;margin-bottom&#8220;:&#8220;30&#8220;,&#8220;class&#8220;:&#8220;grve-wpb-1632120339993&#8220;}}&#8221;][\/vc_column][\/vc_row]\" \/>\n<meta property=\"og:url\" content=\"https:\/\/cfbenaim.com\/en\/the-company\/\" \/>\n<meta property=\"og:site_name\" content=\"Compagnie Christian et Fran\u00e7ois Ben A\u00efm\" \/>\n<meta property=\"article:publisher\" content=\"https:\/\/www.facebook.com\/christianetfrancoisbenaim\" \/>\n<meta property=\"article:modified_time\" content=\"2021-10-07T09:52:58+00:00\" \/>\n<meta property=\"og:image\" content=\"https:\/\/cfbenaim.com\/wp-content\/uploads\/2021\/09\/page-projet-FACETIES-Christian-Francois-BEN-AIM-_c-Patrick-BERGER-2.jpg\" \/>\n\t<meta property=\"og:image:width\" content=\"1920\" \/>\n\t<meta property=\"og:image:height\" content=\"1006\" \/>\n\t<meta property=\"og:image:type\" content=\"image\/jpeg\" \/>\n<meta name=\"twitter:card\" content=\"summary_large_image\" \/>\n<meta name=\"twitter:label1\" content=\"Est. reading time\" \/>\n\t<meta name=\"twitter:data1\" content=\"2 minutes\" \/>\n<script type=\"application\/ld+json\" class=\"yoast-schema-graph\">{\"@context\":\"https:\\\/\\\/schema.org\",\"@graph\":[{\"@type\":\"WebPage\",\"@id\":\"https:\\\/\\\/cfbenaim.com\\\/en\\\/the-company\\\/\",\"url\":\"https:\\\/\\\/cfbenaim.com\\\/en\\\/the-company\\\/\",\"name\":\"The company - Compagnie Christian et Fran\u00e7ois Ben A\u00efm\",\"isPartOf\":{\"@id\":\"https:\\\/\\\/cfbenaim.com\\\/#website\"},\"primaryImageOfPage\":{\"@id\":\"https:\\\/\\\/cfbenaim.com\\\/en\\\/the-company\\\/#primaryimage\"},\"image\":{\"@id\":\"https:\\\/\\\/cfbenaim.com\\\/en\\\/the-company\\\/#primaryimage\"},\"thumbnailUrl\":\"https:\\\/\\\/cfbenaim.com\\\/wp-content\\\/uploads\\\/2021\\\/09\\\/page-projet-FACETIES-Christian-Francois-BEN-AIM-_c-Patrick-BERGER-2.jpg\",\"datePublished\":\"2021-09-20T06:07:28+00:00\",\"dateModified\":\"2021-10-07T09:52:58+00:00\",\"breadcrumb\":{\"@id\":\"https:\\\/\\\/cfbenaim.com\\\/en\\\/the-company\\\/#breadcrumb\"},\"inLanguage\":\"en-US\",\"potentialAction\":[{\"@type\":\"ReadAction\",\"target\":[\"https:\\\/\\\/cfbenaim.com\\\/en\\\/the-company\\\/\"]}]},{\"@type\":\"ImageObject\",\"inLanguage\":\"en-US\",\"@id\":\"https:\\\/\\\/cfbenaim.com\\\/en\\\/the-company\\\/#primaryimage\",\"url\":\"https:\\\/\\\/cfbenaim.com\\\/wp-content\\\/uploads\\\/2021\\\/09\\\/page-projet-FACETIES-Christian-Francois-BEN-AIM-_c-Patrick-BERGER-2.jpg\",\"contentUrl\":\"https:\\\/\\\/cfbenaim.com\\\/wp-content\\\/uploads\\\/2021\\\/09\\\/page-projet-FACETIES-Christian-Francois-BEN-AIM-_c-Patrick-BERGER-2.jpg\",\"width\":1920,\"height\":1006,\"caption\":\"FACETIES, Choregraphie Christian et Francois Ben Aim, Collaboration dramaturgique Veronique Sternberg, Assistante choregraphie\u00a0Jessica Fouche, Composition Nicolas Deutsch, Creation lumieres\u00a0Laurent Patissier, Scenographie\u00a0Camille Duchemin, Costumes\u00a0Maud Heintz, Theatre Andre Malraux de Chevilly-Larue, 4 juin 2021.Avec : Christian Ben Aim, Johan Bichot, Chiara Corbetta, Thibaut Eiferman, Marie Levenez, Emilio Urbina(photos by Patrick Berger)\"},{\"@type\":\"BreadcrumbList\",\"@id\":\"https:\\\/\\\/cfbenaim.com\\\/en\\\/the-company\\\/#breadcrumb\",\"itemListElement\":[{\"@type\":\"ListItem\",\"position\":1,\"name\":\"Accueil\",\"item\":\"https:\\\/\\\/cfbenaim.com\\\/en\\\/\"},{\"@type\":\"ListItem\",\"position\":2,\"name\":\"The company\"}]},{\"@type\":\"WebSite\",\"@id\":\"https:\\\/\\\/cfbenaim.com\\\/#website\",\"url\":\"https:\\\/\\\/cfbenaim.com\\\/\",\"name\":\"Compagnie Christian et Fran\u00e7ois Ben A\u00efm\",\"description\":\"Chor\u00e9graphes\",\"publisher\":{\"@id\":\"https:\\\/\\\/cfbenaim.com\\\/#organization\"},\"potentialAction\":[{\"@type\":\"SearchAction\",\"target\":{\"@type\":\"EntryPoint\",\"urlTemplate\":\"https:\\\/\\\/cfbenaim.com\\\/?s={search_term_string}\"},\"query-input\":{\"@type\":\"PropertyValueSpecification\",\"valueRequired\":true,\"valueName\":\"search_term_string\"}}],\"inLanguage\":\"en-US\"},{\"@type\":\"Organization\",\"@id\":\"https:\\\/\\\/cfbenaim.com\\\/#organization\",\"name\":\"Compagnie Christian et Fran\u00e7ois Ben A\u00efm\",\"url\":\"https:\\\/\\\/cfbenaim.com\\\/\",\"logo\":{\"@type\":\"ImageObject\",\"inLanguage\":\"en-US\",\"@id\":\"https:\\\/\\\/cfbenaim.com\\\/#\\\/schema\\\/logo\\\/image\\\/\",\"url\":\"https:\\\/\\\/cfbenaim.com\\\/wp-content\\\/uploads\\\/2021\\\/07\\\/benaim_logo_noir.png\",\"contentUrl\":\"https:\\\/\\\/cfbenaim.com\\\/wp-content\\\/uploads\\\/2021\\\/07\\\/benaim_logo_noir.png\",\"width\":500,\"height\":413,\"caption\":\"Compagnie Christian et Fran\u00e7ois Ben A\u00efm\"},\"image\":{\"@id\":\"https:\\\/\\\/cfbenaim.com\\\/#\\\/schema\\\/logo\\\/image\\\/\"},\"sameAs\":[\"https:\\\/\\\/www.facebook.com\\\/christianetfrancoisbenaim\",\"https:\\\/\\\/www.instagram.com\\\/cfbenaim\\\/\",\"https:\\\/\\\/www.linkedin.com\\\/company\\\/christian-et-fran\u00e7ois-ben-a\u00efm\\\/\",\"https:\\\/\\\/www.youtube.com\\\/channel\\\/UCuWIHFD_xxAfpkyxSC25E6g\"]}]}<\/script>\n<!-- \/ Yoast SEO plugin. -->","yoast_head_json":{"title":"The company - Compagnie Christian et Fran\u00e7ois Ben A\u00efm","robots":{"index":"index","follow":"follow","max-snippet":"max-snippet:-1","max-image-preview":"max-image-preview:large","max-video-preview":"max-video-preview:-1"},"canonical":"https:\/\/cfbenaim.com\/en\/the-company\/","og_locale":"en_US","og_type":"article","og_title":"The company - Compagnie Christian et Fran\u00e7ois Ben A\u00efm","og_description":"[vc_row columns_gap=&#8221;30&#8243;][vc_column width=&#8221;1\/2&#8243; add_column_link=&#8221;yes&#8221; column_link=&#8221;url:https%3A%2F%2Fcfbenaim.com%2Fen%2Fthe-company%2Fproject%2F|title:Project&#8221; hover_animation=&#8221;emphasized&#8221; grve_css=&#8221;{&#8220;desktop&#8220;:{&#8220;margin-bottom&#8220;:&#8220;30&#8220;,&#8220;class&#8220;:&#8220;grve-wpb-1632121211098&#8220;}}&#8221;][\/vc_column][vc_column width=&#8221;1\/2&#8243; add_column_link=&#8221;yes&#8221; column_link=&#8221;url:https%3A%2F%2Fcfbenaim.com%2Fen%2Fthe-company%2Fbackground%2F|title:Background&#8221; hover_animation=&#8221;emphasized&#8221; grve_css=&#8221;{&#8220;desktop&#8220;:{&#8220;margin-bottom&#8220;:&#8220;30&#8220;,&#8220;class&#8220;:&#8220;grve-wpb-1632120321702&#8220;}}&#8221;][\/vc_column][vc_column add_column_link=&#8221;yes&#8221; column_link=&#8221;url:https%3A%2F%2Fcfbenaim.com%2Fen%2Fthe-company%2Fteam-and-board%2F|title:Team%20et%20board&#8221; hover_animation=&#8221;emphasized&#8221; grve_css=&#8221;{&#8220;desktop&#8220;:{&#8220;margin-bottom&#8220;:&#8220;30&#8220;,&#8220;class&#8220;:&#8220;grve-wpb-1632120327292&#8220;}}&#8221;][\/vc_column][vc_column width=&#8221;1\/2&#8243; add_column_link=&#8221;yes&#8221; column_link=&#8221;url:https%3A%2F%2Fcfbenaim.com%2Fen%2Fthe-company%2Fa-school-for-spectators%2F|title:A%20%C3%Aschool%20for%20spectators&#8221; hover_animation=&#8221;emphasized&#8221; grve_css=&#8221;{&#8220;desktop&#8220;:{&#8220;margin-bottom&#8220;:&#8220;30&#8220;,&#8220;class&#8220;:&#8220;grve-wpb-1632120334081&#8220;}}&#8221;][\/vc_column][vc_column width=&#8221;1\/2&#8243; add_column_link=&#8221;yes&#8221; column_link=&#8221;url:https%3A%2F%2Fcfbenaim.com%2Fen%2Fthe-company%2Fpartners%2F|title:Partners&#8221; hover_animation=&#8221;emphasized&#8221; grve_css=&#8221;{&#8220;desktop&#8220;:{&#8220;margin-bottom&#8220;:&#8220;30&#8220;,&#8220;class&#8220;:&#8220;grve-wpb-1632120339993&#8220;}}&#8221;][\/vc_column][\/vc_row]","og_url":"https:\/\/cfbenaim.com\/en\/the-company\/","og_site_name":"Compagnie Christian et Fran\u00e7ois Ben A\u00efm","article_publisher":"https:\/\/www.facebook.com\/christianetfrancoisbenaim","article_modified_time":"2021-10-07T09:52:58+00:00","og_image":[{"width":1920,"height":1006,"url":"https:\/\/cfbenaim.com\/wp-content\/uploads\/2021\/09\/page-projet-FACETIES-Christian-Francois-BEN-AIM-_c-Patrick-BERGER-2.jpg","type":"image\/jpeg"}],"twitter_card":"summary_large_image","twitter_misc":{"Est. reading time":"2 minutes"},"schema":{"@context":"https:\/\/schema.org","@graph":[{"@type":"WebPage","@id":"https:\/\/cfbenaim.com\/en\/the-company\/","url":"https:\/\/cfbenaim.com\/en\/the-company\/","name":"The company - Compagnie Christian et Fran\u00e7ois Ben A\u00efm","isPartOf":{"@id":"https:\/\/cfbenaim.com\/#website"},"primaryImageOfPage":{"@id":"https:\/\/cfbenaim.com\/en\/the-company\/#primaryimage"},"image":{"@id":"https:\/\/cfbenaim.com\/en\/the-company\/#primaryimage"},"thumbnailUrl":"https:\/\/cfbenaim.com\/wp-content\/uploads\/2021\/09\/page-projet-FACETIES-Christian-Francois-BEN-AIM-_c-Patrick-BERGER-2.jpg","datePublished":"2021-09-20T06:07:28+00:00","dateModified":"2021-10-07T09:52:58+00:00","breadcrumb":{"@id":"https:\/\/cfbenaim.com\/en\/the-company\/#breadcrumb"},"inLanguage":"en-US","potentialAction":[{"@type":"ReadAction","target":["https:\/\/cfbenaim.com\/en\/the-company\/"]}]},{"@type":"ImageObject","inLanguage":"en-US","@id":"https:\/\/cfbenaim.com\/en\/the-company\/#primaryimage","url":"https:\/\/cfbenaim.com\/wp-content\/uploads\/2021\/09\/page-projet-FACETIES-Christian-Francois-BEN-AIM-_c-Patrick-BERGER-2.jpg","contentUrl":"https:\/\/cfbenaim.com\/wp-content\/uploads\/2021\/09\/page-projet-FACETIES-Christian-Francois-BEN-AIM-_c-Patrick-BERGER-2.jpg","width":1920,"height":1006,"caption":"FACETIES, Choregraphie Christian et Francois Ben Aim, Collaboration dramaturgique Veronique Sternberg, Assistante choregraphie\u00a0Jessica Fouche, Composition Nicolas Deutsch, Creation lumieres\u00a0Laurent Patissier, Scenographie\u00a0Camille Duchemin, Costumes\u00a0Maud Heintz, Theatre Andre Malraux de Chevilly-Larue, 4 juin 2021.Avec : Christian Ben Aim, Johan Bichot, Chiara Corbetta, Thibaut Eiferman, Marie Levenez, Emilio Urbina(photos by Patrick Berger)"},{"@type":"BreadcrumbList","@id":"https:\/\/cfbenaim.com\/en\/the-company\/#breadcrumb","itemListElement":[{"@type":"ListItem","position":1,"name":"Accueil","item":"https:\/\/cfbenaim.com\/en\/"},{"@type":"ListItem","position":2,"name":"The company"}]},{"@type":"WebSite","@id":"https:\/\/cfbenaim.com\/#website","url":"https:\/\/cfbenaim.com\/","name":"Compagnie Christian et Fran\u00e7ois Ben A\u00efm","description":"Chor\u00e9graphes","publisher":{"@id":"https:\/\/cfbenaim.com\/#organization"},"potentialAction":[{"@type":"SearchAction","target":{"@type":"EntryPoint","urlTemplate":"https:\/\/cfbenaim.com\/?s={search_term_string}"},"query-input":{"@type":"PropertyValueSpecification","valueRequired":true,"valueName":"search_term_string"}}],"inLanguage":"en-US"},{"@type":"Organization","@id":"https:\/\/cfbenaim.com\/#organization","name":"Compagnie Christian et Fran\u00e7ois Ben A\u00efm","url":"https:\/\/cfbenaim.com\/","logo":{"@type":"ImageObject","inLanguage":"en-US","@id":"https:\/\/cfbenaim.com\/#\/schema\/logo\/image\/","url":"https:\/\/cfbenaim.com\/wp-content\/uploads\/2021\/07\/benaim_logo_noir.png","contentUrl":"https:\/\/cfbenaim.com\/wp-content\/uploads\/2021\/07\/benaim_logo_noir.png","width":500,"height":413,"caption":"Compagnie Christian et Fran\u00e7ois Ben A\u00efm"},"image":{"@id":"https:\/\/cfbenaim.com\/#\/schema\/logo\/image\/"},"sameAs":["https:\/\/www.facebook.com\/christianetfrancoisbenaim","https:\/\/www.instagram.com\/cfbenaim\/","https:\/\/www.linkedin.com\/company\/christian-et-fran\u00e7ois-ben-a\u00efm\/","https:\/\/www.youtube.com\/channel\/UCuWIHFD_xxAfpkyxSC25E6g"]}]}},"_links":{"self":[{"href":"https:\/\/cfbenaim.com\/en\/wp-json\/wp\/v2\/pages\/17258","targetHints":{"allow":["GET"]}}],"collection":[{"href":"https:\/\/cfbenaim.com\/en\/wp-json\/wp\/v2\/pages"}],"about":[{"href":"https:\/\/cfbenaim.com\/en\/wp-json\/wp\/v2\/types\/page"}],"author":[{"embeddable":true,"href":"https:\/\/cfbenaim.com\/en\/wp-json\/wp\/v2\/users\/1"}],"replies":[{"embeddable":true,"href":"https:\/\/cfbenaim.com\/en\/wp-json\/wp\/v2\/comments?post=17258"}],"version-history":[{"count":12,"href":"https:\/\/cfbenaim.com\/en\/wp-json\/wp\/v2\/pages\/17258\/revisions"}],"predecessor-version":[{"id":17646,"href":"https:\/\/cfbenaim.com\/en\/wp-json\/wp\/v2\/pages\/17258\/revisions\/17646"}],"wp:featuredmedia":[{"embeddable":true,"href":"https:\/\/cfbenaim.com\/en\/wp-json\/wp\/v2\/media\/16933"}],"wp:attachment":[{"href":"https:\/\/cfbenaim.com\/en\/wp-json\/wp\/v2\/media?parent=17258"}],"curies":[{"name":"wp","href":"https:\/\/api.w.org\/{rel}","templated":true}]}}