{"id":17267,"date":"2021-08-08T11:05:13","date_gmt":"2021-08-08T09:05:13","guid":{"rendered":"https:\/\/cfbenaim.com\/the-company\/partners\/"},"modified":"2023-06-01T17:35:37","modified_gmt":"2023-06-01T15:35:37","slug":"partners","status":"publish","type":"page","link":"https:\/\/cfbenaim.com\/en\/the-company\/partners\/","title":{"rendered":"Partners"},"content":{"rendered":"<div class=\"wpb-content-wrapper\"><p>[vc_row columns_gap=&#8221;35&#8243; mobile_columns_vertical_gap=&#8221;20&#8243;][vc_column width=&#8221;1\/2&#8243; animation_delay=&#8221;200&#8243; animation_duration=&#8221;slow&#8221;]<h3 class=\"grve-element grve-title grve-align-inherit grve-h6\" style=\"margin-bottom: 32px;\"><span>Institutional Support &#8211; Multi-annual grants<\/span><\/h3>[vc_row_inner][vc_column_inner width=&#8221;1\/3&#8243;]<div class=\"grve-element grve-box-icon grve-medium grve-top-icon grve-align-left\"><div class=\"grve-wrapper-icon grve-image-icon\"><div class=\"grve-thumbnail-wrapper\"  style=\"width: 100px;\"><div class=\"grve-thumbnail\"  style=\"padding-top: 100%;\"><img loading=\"lazy\" decoding=\"async\" width=\"100\" height=\"100\" src=\"https:\/\/cfbenaim.com\/wp-content\/uploads\/2021\/09\/drac100-1x.png\" class=\"attachment-full size-full\" alt=\"\" srcset=\"https:\/\/cfbenaim.com\/wp-content\/uploads\/2021\/09\/drac100-1x.png 1x,https:\/\/cfbenaim.com\/wp-content\/uploads\/2021\/09\/drac100-2x.png 2x\" data-column-space=\"auto\" data-lazyload=\"\" data-grve-filter=\"yes\" \/><\/div><\/div><\/div><div class=\"grve-box-content\"><h4 class=\"grve-box-title grve-small-text\">DRAC \u00cele-de-France \u2013 Minist\u00e8re de la Culture<\/h4><\/div><\/div>[\/vc_column_inner][vc_column_inner width=&#8221;1\/3&#8243;]<div class=\"grve-element grve-box-icon grve-medium grve-top-icon grve-align-left\"><div class=\"grve-wrapper-icon grve-image-icon\"><div class=\"grve-thumbnail-wrapper\"  style=\"width: 100px;\"><div class=\"grve-thumbnail\"  style=\"padding-top: 100%;\"><img loading=\"lazy\" decoding=\"async\" width=\"100\" height=\"100\" src=\"https:\/\/cfbenaim.com\/wp-content\/uploads\/2021\/09\/idf100-1x.png\" class=\"attachment-full size-full\" alt=\"\" srcset=\"https:\/\/cfbenaim.com\/wp-content\/uploads\/2021\/09\/idf100-1x.png 1x,https:\/\/cfbenaim.com\/wp-content\/uploads\/2021\/09\/idf100-2x.png 2x\" data-column-space=\"auto\" data-lazyload=\"\" data-grve-filter=\"yes\" \/><\/div><\/div><\/div><div class=\"grve-box-content\"><h4 class=\"grve-box-title grve-small-text\">R\u00e9gion \u00cele-de-France<\/h4><\/div><\/div>[\/vc_column_inner][vc_column_inner width=&#8221;1\/3&#8243;]<div class=\"grve-element grve-box-icon grve-medium grve-top-icon grve-align-left\"><div class=\"grve-wrapper-icon grve-image-icon\"><div class=\"grve-thumbnail-wrapper\"  style=\"width: 100px;\"><div class=\"grve-thumbnail\"  style=\"padding-top: 100%;\"><img loading=\"lazy\" decoding=\"async\" width=\"100\" height=\"100\" src=\"https:\/\/cfbenaim.com\/wp-content\/uploads\/2021\/09\/val-de-marne100-1x.png\" class=\"attachment-full size-full\" alt=\"\" srcset=\"https:\/\/cfbenaim.com\/wp-content\/uploads\/2021\/09\/val-de-marne100-1x.png 1x,https:\/\/cfbenaim.com\/wp-content\/uploads\/2021\/09\/val-de-marne100-2x.png 2x\" data-column-space=\"auto\" data-lazyload=\"\" data-grve-filter=\"yes\" \/><\/div><\/div><\/div><div class=\"grve-box-content\"><h4 class=\"grve-box-title grve-small-text\">Conseil d\u00e9partemental du Val-de-Marne<\/h4><\/div><\/div>[\/vc_column_inner][\/vc_row_inner][\/vc_column][vc_column width=&#8221;1\/2&#8243; animation_delay=&#8221;300&#8243; animation_duration=&#8221;slow&#8221;]<h3 class=\"grve-element grve-title grve-align-inherit grve-h6\" style=\"margin-bottom: 32px;\"><span>Civil Societies &#8211; Project funding support<\/span><\/h3>[vc_row_inner][vc_column_inner width=&#8221;1\/3&#8243;]<div class=\"grve-element grve-box-icon grve-medium grve-top-icon grve-align-left\"><div class=\"grve-wrapper-icon grve-image-icon\"><div class=\"grve-thumbnail-wrapper\"  style=\"width: 100px;\"><div class=\"grve-thumbnail\"  style=\"padding-top: 100%;\"><img loading=\"lazy\" decoding=\"async\" width=\"100\" height=\"100\" src=\"https:\/\/cfbenaim.com\/wp-content\/uploads\/2021\/09\/adami-1x.png\" class=\"attachment-full size-full\" alt=\"\" srcset=\"https:\/\/cfbenaim.com\/wp-content\/uploads\/2021\/09\/adami-1x.png 1x,https:\/\/cfbenaim.com\/wp-content\/uploads\/2021\/09\/adami-2x.png 2x\" data-column-space=\"auto\" data-lazyload=\"\" data-grve-filter=\"yes\" \/><\/div><\/div><\/div><div class=\"grve-box-content\"><h4 class=\"grve-box-title grve-small-text\">ADAMI<\/h4><\/div><\/div>[\/vc_column_inner][vc_column_inner width=&#8221;1\/3&#8243;]<div class=\"grve-element grve-box-icon grve-medium grve-top-icon grve-align-left\"><div class=\"grve-wrapper-icon grve-image-icon\"><div class=\"grve-thumbnail-wrapper\"  style=\"width: 100px;\"><div class=\"grve-thumbnail\"  style=\"padding-top: 100%;\"><img loading=\"lazy\" decoding=\"async\" width=\"100\" height=\"100\" src=\"https:\/\/cfbenaim.com\/wp-content\/uploads\/2021\/09\/spedidam1x.png\" class=\"attachment-full size-full\" alt=\"\" srcset=\"https:\/\/cfbenaim.com\/wp-content\/uploads\/2021\/09\/spedidam1x.png 1x,https:\/\/cfbenaim.com\/wp-content\/uploads\/2021\/09\/spedidam2x.png 2x\" data-column-space=\"auto\" data-lazyload=\"\" data-grve-filter=\"yes\" \/><\/div><\/div><\/div><div class=\"grve-box-content\"><h4 class=\"grve-box-title grve-small-text\">SPEDIDAM<\/h4><\/div><\/div>[\/vc_column_inner][vc_column_inner width=&#8221;1\/3&#8243;]<div class=\"grve-element grve-box-icon grve-medium grve-top-icon grve-align-left\"><div class=\"grve-wrapper-icon grve-image-icon\"><div class=\"grve-thumbnail-wrapper\"  style=\"width: 100px;\"><div class=\"grve-thumbnail\"  style=\"padding-top: 100%;\"><img loading=\"lazy\" decoding=\"async\" width=\"100\" height=\"100\" src=\"https:\/\/cfbenaim.com\/wp-content\/uploads\/2021\/09\/sacd1x.png\" class=\"attachment-full size-full\" alt=\"\" srcset=\"https:\/\/cfbenaim.com\/wp-content\/uploads\/2021\/09\/sacd1x.png 1x,https:\/\/cfbenaim.com\/wp-content\/uploads\/2021\/09\/sacd2x.png 2x\" data-column-space=\"auto\" data-lazyload=\"\" data-grve-filter=\"yes\" \/><\/div><\/div><\/div><div class=\"grve-box-content\"><h4 class=\"grve-box-title grve-small-text\">SACD<\/h4><\/div><\/div>[\/vc_column_inner][\/vc_row_inner][\/vc_column][\/vc_row][vc_row padding_top_multiplier=&#8221;&#8221;][vc_column]<h3 class=\"grve-element grve-title grve-align-inherit grve-h6\" style=\"margin-bottom: 32px;\"><span>Labelled structures and territories<\/span><\/h3>[vc_column_text]More than 20 years of residency and experience in the field. Christian and Fran\u00e7ois BEN A\u00cfM&#8217;s career has become possible over time thanks to the support and loyalty of many venues, including the Th\u00e9\u00e2tre de La Madeleine &#8211; Sc\u00e8ne conventionn\u00e9e d&#8217;int\u00e9r\u00eat national de Troyes, where they were associate artists for six years (2006-2012), National Scenes and National Choreographic Centers.<\/p>\n<p>After their various residencies at Micadanses Paris (2004-2006), at the Sc\u00e8ne nationale d&#8217;Aubusson (2006), at the Th\u00e9\u00e2tre Louis Aragon de Tremblay-en-France &#8211; Sc\u00e8ne conventionn\u00e9e d&#8217;int\u00e9r\u00eat national &#8211; Art et cr\u00e9ation &#8211; danse (2007-2008), at the Espace 1789 in Saint-Ouen &#8211; Sc\u00e8ne conventionn\u00e9e d&#8217;int\u00e9r\u00eat national &#8211; Art et cr\u00e9ation (2011-2012), and at the Th\u00e9\u00e2tre de Rungis (2012-2016), they are associated artists at the Th\u00e9\u00e2tre de Ch\u00e2tillon (2016-2019) and at the Centre des Bords de Marne du Perreux-sur-Marne &#8211; Sc\u00e8ne conventionn\u00e9e d&#8217;int\u00e9r\u00eat national &#8211; Art et cr\u00e9ation &#8211; grands formats musique et danse (2016-2019).<\/p>\n<p>Some other faithful companionships: Le Th\u00e9\u00e2tre &#8211; Sc\u00e8ne nationale de M\u00e2con; le Trident, Sc\u00e8ne nationale de Cherbourg; CDCN La Briqueterie Vitry-sur-Seine; Ballet du Nord, CCN de Roubaix; CCN de Cr\u00e9teil; Festival Faits d&#8217;hiver &#8211; Micadanses; Onyx, Sc\u00e8ne conventionn\u00e9e d&#8217;int\u00e9r\u00eat national de Saint-Herblain ; Touka Danses CDCN Guyane ; the Th\u00e9\u00e2tre des Bergeries de Noisy ; the CDCN Atelier de Paris ; the Festival Agitato &#8211; Le Triangle, Sc\u00e8ne conventionn\u00e9e d&#8217;int\u00e9r\u00eat national de Rennes &#8211; Art et cr\u00e9ation &#8211; danse, the Escher Theater &#8211; Th\u00e9\u00e2tre d&#8217;Esch &#8211; Esch-sur-Alzette in Luxembourg&#8230; and many others ![\/vc_column_text][\/vc_column][\/vc_row][vc_row padding_top_multiplier=&#8221;&#8221;][vc_column]<h3 class=\"grve-element grve-title grve-align-inherit grve-h6\" style=\"margin-bottom: 32px;\"><span>International<\/span><\/h3>[vc_column_text]Openness. This is what characterizes the company&#8217;s path: intimate solos that open up to large-scale pieces, physical writing that engages in the crossroads between the arts, and encounters that determine companionship, in all some twenty creations that are as much rooted in fieldwork as they travel internationally: Luxembourg, Germany, Canada, Algeria, Belgium, Gabon, Italy, Brazil, India&#8230; In line with desires, always renewed when it comes to crossing artistic and geographical borders.<\/p>\n<p>Several projects are supported by the French cultural network abroad: French Institutes and Alliances fran\u00e7aises.[\/vc_column_text][\/vc_column][\/vc_row][vc_row][vc_column][vc_column_text]The company receives multi-year support from the Minist\u00e8re de la Culture &#8211; DRAC Ile-de-France, the R\u00e9gion Ile-de-France and the D\u00e9partement du Val-de-Marne (94).<br \/>\nChristian and Fran\u00e7ois Ben A\u00efm are associate artists of the Th\u00e9\u00e2tre de Suresnes Jean Vilar 2023-2025, accomplice artists of L&#8217;Orange Bleue in Eaubonne 2023-2025 and of the Centre d&#8217;art et culture de Meudon for the 2023-2024 season.[\/vc_column_text][\/vc_column][\/vc_row]<\/p>\n<\/div>","protected":false},"excerpt":{"rendered":"<p>[vc_row columns_gap=&#8221;35&#8243; mobile_columns_vertical_gap=&#8221;20&#8243;][vc_column width=&#8221;1\/2&#8243; animation_delay=&#8221;200&#8243; animation_duration=&#8221;slow&#8221;][vc_row_inner][vc_column_inner width=&#8221;1\/3&#8243;][\/vc_column_inner][vc_column_inner width=&#8221;1\/3&#8243;][\/vc_column_inner][vc_column_inner width=&#8221;1\/3&#8243;][\/vc_column_inner][\/vc_row_inner][\/vc_column][vc_column width=&#8221;1\/2&#8243; animation_delay=&#8221;300&#8243; animation_duration=&#8221;slow&#8221;][vc_row_inner][vc_column_inner width=&#8221;1\/3&#8243;][\/vc_column_inner][vc_column_inner width=&#8221;1\/3&#8243;][\/vc_column_inner][vc_column_inner width=&#8221;1\/3&#8243;][\/vc_column_inner][\/vc_row_inner][\/vc_column][\/vc_row][vc_row padding_top_multiplier=&#8221;&#8221;][vc_column][vc_column_text]More than 20 years of residency and experience in the field. Christian and Fran\u00e7ois BEN A\u00cfM&#8217;s career has become possible over time thanks to the support and loyalty of many venues, including the Th\u00e9\u00e2tre de La Madeleine &#8211; Sc\u00e8ne conventionn\u00e9e [&hellip;]<\/p>\n","protected":false},"author":1,"featured_media":16931,"parent":17258,"menu_order":0,"comment_status":"closed","ping_status":"closed","template":"","meta":{"footnotes":""},"class_list":["post-17267","page","type-page","status-publish","has-post-thumbnail","hentry","grve-entry-item"],"yoast_head":"<!-- This site is optimized with the Yoast SEO plugin v26.9 - https:\/\/yoast.com\/product\/yoast-seo-wordpress\/ -->\n<title>Partners - Compagnie Christian et Fran\u00e7ois Ben A\u00efm<\/title>\n<meta name=\"robots\" content=\"index, follow, max-snippet:-1, max-image-preview:large, max-video-preview:-1\" \/>\n<link rel=\"canonical\" href=\"https:\/\/cfbenaim.com\/en\/the-company\/partners\/\" \/>\n<meta property=\"og:locale\" content=\"en_US\" \/>\n<meta property=\"og:type\" content=\"article\" \/>\n<meta property=\"og:title\" content=\"Partners - Compagnie Christian et Fran\u00e7ois Ben A\u00efm\" \/>\n<meta property=\"og:description\" content=\"[vc_row columns_gap=&#8221;35&#8243; mobile_columns_vertical_gap=&#8221;20&#8243;][vc_column width=&#8221;1\/2&#8243; animation_delay=&#8221;200&#8243; animation_duration=&#8221;slow&#8221;][vc_row_inner][vc_column_inner width=&#8221;1\/3&#8243;][\/vc_column_inner][vc_column_inner width=&#8221;1\/3&#8243;][\/vc_column_inner][vc_column_inner width=&#8221;1\/3&#8243;][\/vc_column_inner][\/vc_row_inner][\/vc_column][vc_column width=&#8221;1\/2&#8243; animation_delay=&#8221;300&#8243; animation_duration=&#8221;slow&#8221;][vc_row_inner][vc_column_inner width=&#8221;1\/3&#8243;][\/vc_column_inner][vc_column_inner width=&#8221;1\/3&#8243;][\/vc_column_inner][vc_column_inner width=&#8221;1\/3&#8243;][\/vc_column_inner][\/vc_row_inner][\/vc_column][\/vc_row][vc_row padding_top_multiplier=&#8221;&#8221;][vc_column][vc_column_text]More than 20 years of residency and experience in the field. Christian and Fran\u00e7ois BEN A\u00cfM&#8217;s career has become possible over time thanks to the support and loyalty of many venues, including the Th\u00e9\u00e2tre de La Madeleine &#8211; Sc\u00e8ne conventionn\u00e9e [&hellip;]\" \/>\n<meta property=\"og:url\" content=\"https:\/\/cfbenaim.com\/en\/the-company\/partners\/\" \/>\n<meta property=\"og:site_name\" content=\"Compagnie Christian et Fran\u00e7ois Ben A\u00efm\" \/>\n<meta property=\"article:publisher\" content=\"https:\/\/www.facebook.com\/christianetfrancoisbenaim\" \/>\n<meta property=\"article:modified_time\" content=\"2023-06-01T15:35:37+00:00\" \/>\n<meta property=\"og:image\" content=\"https:\/\/cfbenaim.com\/wp-content\/uploads\/2021\/09\/page-partenaires-Peuple-depeuple-Patrick-Berger-3-1.jpg\" \/>\n\t<meta property=\"og:image:width\" content=\"1200\" \/>\n\t<meta property=\"og:image:height\" content=\"820\" \/>\n\t<meta property=\"og:image:type\" content=\"image\/jpeg\" \/>\n<meta name=\"twitter:card\" content=\"summary_large_image\" \/>\n<meta name=\"twitter:label1\" content=\"Est. reading time\" \/>\n\t<meta name=\"twitter:data1\" content=\"3 minutes\" \/>\n<script type=\"application\/ld+json\" class=\"yoast-schema-graph\">{\"@context\":\"https:\/\/schema.org\",\"@graph\":[{\"@type\":\"WebPage\",\"@id\":\"https:\/\/cfbenaim.com\/en\/the-company\/partners\/\",\"url\":\"https:\/\/cfbenaim.com\/en\/the-company\/partners\/\",\"name\":\"Partners - Compagnie Christian et Fran\u00e7ois Ben A\u00efm\",\"isPartOf\":{\"@id\":\"https:\/\/cfbenaim.com\/#website\"},\"primaryImageOfPage\":{\"@id\":\"https:\/\/cfbenaim.com\/en\/the-company\/partners\/#primaryimage\"},\"image\":{\"@id\":\"https:\/\/cfbenaim.com\/en\/the-company\/partners\/#primaryimage\"},\"thumbnailUrl\":\"https:\/\/cfbenaim.com\/wp-content\/uploads\/2021\/09\/page-partenaires-Peuple-depeuple-Patrick-Berger-3-1.jpg\",\"datePublished\":\"2021-08-08T09:05:13+00:00\",\"dateModified\":\"2023-06-01T15:35:37+00:00\",\"breadcrumb\":{\"@id\":\"https:\/\/cfbenaim.com\/en\/the-company\/partners\/#breadcrumb\"},\"inLanguage\":\"en-US\",\"potentialAction\":[{\"@type\":\"ReadAction\",\"target\":[\"https:\/\/cfbenaim.com\/en\/the-company\/partners\/\"]}]},{\"@type\":\"ImageObject\",\"inLanguage\":\"en-US\",\"@id\":\"https:\/\/cfbenaim.com\/en\/the-company\/partners\/#primaryimage\",\"url\":\"https:\/\/cfbenaim.com\/wp-content\/uploads\/2021\/09\/page-partenaires-Peuple-depeuple-Patrick-Berger-3-1.jpg\",\"contentUrl\":\"https:\/\/cfbenaim.com\/wp-content\/uploads\/2021\/09\/page-partenaires-Peuple-depeuple-Patrick-Berger-3-1.jpg\",\"width\":1200,\"height\":820,\"caption\":\"PEUPLE, DEPEUPLE, Choregraphie et interpretation\u00a0Francois Ben Aim, Composition et interpretation (basse electrique)\u00a0Olivier Lete en alternance avec Frederic Chiffoleau pour l\u2019interpretation, Composition et interpretation (batterie)\u00a0Emmanuel Scarpa, Scenographie\u00a0Camille Duchemin, Creation Lumiere\u00a0Laurent Patissier, Theatre de Rungis le 2 mai 2016.Avec : Francois Ben Aim(photo by Patrick Berger)\"},{\"@type\":\"BreadcrumbList\",\"@id\":\"https:\/\/cfbenaim.com\/en\/the-company\/partners\/#breadcrumb\",\"itemListElement\":[{\"@type\":\"ListItem\",\"position\":1,\"name\":\"Accueil\",\"item\":\"https:\/\/cfbenaim.com\/en\/\"},{\"@type\":\"ListItem\",\"position\":2,\"name\":\"The company\",\"item\":\"https:\/\/cfbenaim.com\/en\/the-company\/\"},{\"@type\":\"ListItem\",\"position\":3,\"name\":\"Partners\"}]},{\"@type\":\"WebSite\",\"@id\":\"https:\/\/cfbenaim.com\/#website\",\"url\":\"https:\/\/cfbenaim.com\/\",\"name\":\"Compagnie Christian et Fran\u00e7ois Ben A\u00efm\",\"description\":\"Chor\u00e9graphes\",\"publisher\":{\"@id\":\"https:\/\/cfbenaim.com\/#organization\"},\"potentialAction\":[{\"@type\":\"SearchAction\",\"target\":{\"@type\":\"EntryPoint\",\"urlTemplate\":\"https:\/\/cfbenaim.com\/?s={search_term_string}\"},\"query-input\":{\"@type\":\"PropertyValueSpecification\",\"valueRequired\":true,\"valueName\":\"search_term_string\"}}],\"inLanguage\":\"en-US\"},{\"@type\":\"Organization\",\"@id\":\"https:\/\/cfbenaim.com\/#organization\",\"name\":\"Compagnie Christian et Fran\u00e7ois Ben A\u00efm\",\"url\":\"https:\/\/cfbenaim.com\/\",\"logo\":{\"@type\":\"ImageObject\",\"inLanguage\":\"en-US\",\"@id\":\"https:\/\/cfbenaim.com\/#\/schema\/logo\/image\/\",\"url\":\"https:\/\/cfbenaim.com\/wp-content\/uploads\/2021\/07\/benaim_logo_noir.png\",\"contentUrl\":\"https:\/\/cfbenaim.com\/wp-content\/uploads\/2021\/07\/benaim_logo_noir.png\",\"width\":500,\"height\":413,\"caption\":\"Compagnie Christian et Fran\u00e7ois Ben A\u00efm\"},\"image\":{\"@id\":\"https:\/\/cfbenaim.com\/#\/schema\/logo\/image\/\"},\"sameAs\":[\"https:\/\/www.facebook.com\/christianetfrancoisbenaim\",\"https:\/\/www.instagram.com\/cfbenaim\/\",\"https:\/\/www.linkedin.com\/company\/christian-et-fran\u00e7ois-ben-a\u00efm\/\",\"https:\/\/www.youtube.com\/channel\/UCuWIHFD_xxAfpkyxSC25E6g\"]}]}<\/script>\n<!-- \/ Yoast SEO plugin. -->","yoast_head_json":{"title":"Partners - Compagnie Christian et Fran\u00e7ois Ben A\u00efm","robots":{"index":"index","follow":"follow","max-snippet":"max-snippet:-1","max-image-preview":"max-image-preview:large","max-video-preview":"max-video-preview:-1"},"canonical":"https:\/\/cfbenaim.com\/en\/the-company\/partners\/","og_locale":"en_US","og_type":"article","og_title":"Partners - Compagnie Christian et Fran\u00e7ois Ben A\u00efm","og_description":"[vc_row columns_gap=&#8221;35&#8243; mobile_columns_vertical_gap=&#8221;20&#8243;][vc_column width=&#8221;1\/2&#8243; animation_delay=&#8221;200&#8243; animation_duration=&#8221;slow&#8221;][vc_row_inner][vc_column_inner width=&#8221;1\/3&#8243;][\/vc_column_inner][vc_column_inner width=&#8221;1\/3&#8243;][\/vc_column_inner][vc_column_inner width=&#8221;1\/3&#8243;][\/vc_column_inner][\/vc_row_inner][\/vc_column][vc_column width=&#8221;1\/2&#8243; animation_delay=&#8221;300&#8243; animation_duration=&#8221;slow&#8221;][vc_row_inner][vc_column_inner width=&#8221;1\/3&#8243;][\/vc_column_inner][vc_column_inner width=&#8221;1\/3&#8243;][\/vc_column_inner][vc_column_inner width=&#8221;1\/3&#8243;][\/vc_column_inner][\/vc_row_inner][\/vc_column][\/vc_row][vc_row padding_top_multiplier=&#8221;&#8221;][vc_column][vc_column_text]More than 20 years of residency and experience in the field. Christian and Fran\u00e7ois BEN A\u00cfM&#8217;s career has become possible over time thanks to the support and loyalty of many venues, including the Th\u00e9\u00e2tre de La Madeleine &#8211; Sc\u00e8ne conventionn\u00e9e [&hellip;]","og_url":"https:\/\/cfbenaim.com\/en\/the-company\/partners\/","og_site_name":"Compagnie Christian et Fran\u00e7ois Ben A\u00efm","article_publisher":"https:\/\/www.facebook.com\/christianetfrancoisbenaim","article_modified_time":"2023-06-01T15:35:37+00:00","og_image":[{"width":1200,"height":820,"url":"https:\/\/cfbenaim.com\/wp-content\/uploads\/2021\/09\/page-partenaires-Peuple-depeuple-Patrick-Berger-3-1.jpg","type":"image\/jpeg"}],"twitter_card":"summary_large_image","twitter_misc":{"Est. reading time":"3 minutes"},"schema":{"@context":"https:\/\/schema.org","@graph":[{"@type":"WebPage","@id":"https:\/\/cfbenaim.com\/en\/the-company\/partners\/","url":"https:\/\/cfbenaim.com\/en\/the-company\/partners\/","name":"Partners - Compagnie Christian et Fran\u00e7ois Ben A\u00efm","isPartOf":{"@id":"https:\/\/cfbenaim.com\/#website"},"primaryImageOfPage":{"@id":"https:\/\/cfbenaim.com\/en\/the-company\/partners\/#primaryimage"},"image":{"@id":"https:\/\/cfbenaim.com\/en\/the-company\/partners\/#primaryimage"},"thumbnailUrl":"https:\/\/cfbenaim.com\/wp-content\/uploads\/2021\/09\/page-partenaires-Peuple-depeuple-Patrick-Berger-3-1.jpg","datePublished":"2021-08-08T09:05:13+00:00","dateModified":"2023-06-01T15:35:37+00:00","breadcrumb":{"@id":"https:\/\/cfbenaim.com\/en\/the-company\/partners\/#breadcrumb"},"inLanguage":"en-US","potentialAction":[{"@type":"ReadAction","target":["https:\/\/cfbenaim.com\/en\/the-company\/partners\/"]}]},{"@type":"ImageObject","inLanguage":"en-US","@id":"https:\/\/cfbenaim.com\/en\/the-company\/partners\/#primaryimage","url":"https:\/\/cfbenaim.com\/wp-content\/uploads\/2021\/09\/page-partenaires-Peuple-depeuple-Patrick-Berger-3-1.jpg","contentUrl":"https:\/\/cfbenaim.com\/wp-content\/uploads\/2021\/09\/page-partenaires-Peuple-depeuple-Patrick-Berger-3-1.jpg","width":1200,"height":820,"caption":"PEUPLE, DEPEUPLE, Choregraphie et interpretation\u00a0Francois Ben Aim, Composition et interpretation (basse electrique)\u00a0Olivier Lete en alternance avec Frederic Chiffoleau pour l\u2019interpretation, Composition et interpretation (batterie)\u00a0Emmanuel Scarpa, Scenographie\u00a0Camille Duchemin, Creation Lumiere\u00a0Laurent Patissier, Theatre de Rungis le 2 mai 2016.Avec : Francois Ben Aim(photo by Patrick Berger)"},{"@type":"BreadcrumbList","@id":"https:\/\/cfbenaim.com\/en\/the-company\/partners\/#breadcrumb","itemListElement":[{"@type":"ListItem","position":1,"name":"Accueil","item":"https:\/\/cfbenaim.com\/en\/"},{"@type":"ListItem","position":2,"name":"The company","item":"https:\/\/cfbenaim.com\/en\/the-company\/"},{"@type":"ListItem","position":3,"name":"Partners"}]},{"@type":"WebSite","@id":"https:\/\/cfbenaim.com\/#website","url":"https:\/\/cfbenaim.com\/","name":"Compagnie Christian et Fran\u00e7ois Ben A\u00efm","description":"Chor\u00e9graphes","publisher":{"@id":"https:\/\/cfbenaim.com\/#organization"},"potentialAction":[{"@type":"SearchAction","target":{"@type":"EntryPoint","urlTemplate":"https:\/\/cfbenaim.com\/?s={search_term_string}"},"query-input":{"@type":"PropertyValueSpecification","valueRequired":true,"valueName":"search_term_string"}}],"inLanguage":"en-US"},{"@type":"Organization","@id":"https:\/\/cfbenaim.com\/#organization","name":"Compagnie Christian et Fran\u00e7ois Ben A\u00efm","url":"https:\/\/cfbenaim.com\/","logo":{"@type":"ImageObject","inLanguage":"en-US","@id":"https:\/\/cfbenaim.com\/#\/schema\/logo\/image\/","url":"https:\/\/cfbenaim.com\/wp-content\/uploads\/2021\/07\/benaim_logo_noir.png","contentUrl":"https:\/\/cfbenaim.com\/wp-content\/uploads\/2021\/07\/benaim_logo_noir.png","width":500,"height":413,"caption":"Compagnie Christian et Fran\u00e7ois Ben A\u00efm"},"image":{"@id":"https:\/\/cfbenaim.com\/#\/schema\/logo\/image\/"},"sameAs":["https:\/\/www.facebook.com\/christianetfrancoisbenaim","https:\/\/www.instagram.com\/cfbenaim\/","https:\/\/www.linkedin.com\/company\/christian-et-fran\u00e7ois-ben-a\u00efm\/","https:\/\/www.youtube.com\/channel\/UCuWIHFD_xxAfpkyxSC25E6g"]}]}},"_links":{"self":[{"href":"https:\/\/cfbenaim.com\/en\/wp-json\/wp\/v2\/pages\/17267","targetHints":{"allow":["GET"]}}],"collection":[{"href":"https:\/\/cfbenaim.com\/en\/wp-json\/wp\/v2\/pages"}],"about":[{"href":"https:\/\/cfbenaim.com\/en\/wp-json\/wp\/v2\/types\/page"}],"author":[{"embeddable":true,"href":"https:\/\/cfbenaim.com\/en\/wp-json\/wp\/v2\/users\/1"}],"replies":[{"embeddable":true,"href":"https:\/\/cfbenaim.com\/en\/wp-json\/wp\/v2\/comments?post=17267"}],"version-history":[{"count":7,"href":"https:\/\/cfbenaim.com\/en\/wp-json\/wp\/v2\/pages\/17267\/revisions"}],"predecessor-version":[{"id":18865,"href":"https:\/\/cfbenaim.com\/en\/wp-json\/wp\/v2\/pages\/17267\/revisions\/18865"}],"up":[{"embeddable":true,"href":"https:\/\/cfbenaim.com\/en\/wp-json\/wp\/v2\/pages\/17258"}],"wp:featuredmedia":[{"embeddable":true,"href":"https:\/\/cfbenaim.com\/en\/wp-json\/wp\/v2\/media\/16931"}],"wp:attachment":[{"href":"https:\/\/cfbenaim.com\/en\/wp-json\/wp\/v2\/media?parent=17267"}],"curies":[{"name":"wp","href":"https:\/\/api.w.org\/{rel}","templated":true}]}}