{"id":17285,"date":"2021-09-26T23:58:41","date_gmt":"2021-09-26T21:58:41","guid":{"rendered":"https:\/\/cfbenaim.com\/legal-notice\/"},"modified":"2024-10-29T16:23:31","modified_gmt":"2024-10-29T15:23:31","slug":"legal-notice","status":"publish","type":"page","link":"https:\/\/cfbenaim.com\/en\/legal-notice\/","title":{"rendered":"Legal notice"},"content":{"rendered":"<div class=\"wpb-content-wrapper\"><p>[vc_row][vc_column][vc_column_text]<strong>Christian &amp; Fran\u00e7ois Ben A\u00efm Company<\/strong><br \/>\nCFB 451<br \/>\nMCVA &#8211; rue Jean Monnet, 94270, Le Kremlin Bic\u00eatre<br \/>\nAssociation Loi 1901<br \/>\nSiret number: 431 947 738 00057<br \/>\nIntra community VAT: FR 5043194773800032<br \/>\nLicense: L-R-2020-006796<\/p>\n<p><strong>Publication manager<\/strong>: In\u00e8s Mouzarine<br \/>\n<a href=\"mailto:communication@cfbenaim.com\"><span style=\"text-decoration: underline;\">communication@cfbenaim.com<\/span><\/a><\/p>\n<p><strong>Hosting<\/strong><br \/>\nGANDI SAS &#8211; 63-65 boulevard Mass\u00e9na, 75013 Paris, France<\/p>\n<p><strong>Website creation<\/strong>: <a href=\"https:\/\/loicthisse.com\" target=\"_blank\" rel=\"noopener\"><span style=\"text-decoration: underline;\">Lo\u00efc Thisse<\/span><\/a><\/p>\n<p><strong>Logo creation<\/strong>: <span class=\"\">Atelier Julia Bernard et Paola Naug\u00e8s<\/span>[\/vc_column_text][\/vc_column][\/vc_row]<\/p>\n<\/div>","protected":false},"excerpt":{"rendered":"<p>[vc_row][vc_column][vc_column_text]Christian &amp; Fran\u00e7ois Ben A\u00efm Company CFB 451 MCVA &#8211; rue Jean Monnet, 94270, Le Kremlin Bic\u00eatre Association Loi 1901 Siret number: 431 947 738 00057 Intra community VAT: FR 5043194773800032 License: L-R-2020-006796 Publication manager: In\u00e8s Mouzarine communication@cfbenaim.com Hosting GANDI SAS &#8211; 63-65 boulevard Mass\u00e9na, 75013 Paris, France Website creation: Lo\u00efc Thisse Logo creation: Atelier [&hellip;]<\/p>\n","protected":false},"author":1,"featured_media":0,"parent":0,"menu_order":0,"comment_status":"closed","ping_status":"closed","template":"","meta":{"footnotes":""},"class_list":["post-17285","page","type-page","status-publish","hentry","grve-entry-item"],"yoast_head":"<!-- This site is optimized with the Yoast SEO plugin v26.9 - https:\/\/yoast.com\/product\/yoast-seo-wordpress\/ -->\n<title>Legal notice - Compagnie Christian et Fran\u00e7ois Ben A\u00efm<\/title>\n<meta name=\"robots\" content=\"index, follow, max-snippet:-1, max-image-preview:large, max-video-preview:-1\" \/>\n<link rel=\"canonical\" href=\"https:\/\/cfbenaim.com\/en\/legal-notice\/\" \/>\n<meta property=\"og:locale\" content=\"en_US\" \/>\n<meta property=\"og:type\" content=\"article\" \/>\n<meta property=\"og:title\" content=\"Legal notice - Compagnie Christian et Fran\u00e7ois Ben A\u00efm\" \/>\n<meta property=\"og:description\" content=\"[vc_row][vc_column][vc_column_text]Christian &amp; Fran\u00e7ois Ben A\u00efm Company CFB 451 MCVA &#8211; rue Jean Monnet, 94270, Le Kremlin Bic\u00eatre Association Loi 1901 Siret number: 431 947 738 00057 Intra community VAT: FR 5043194773800032 License: L-R-2020-006796 Publication manager: In\u00e8s Mouzarine communication@cfbenaim.com Hosting GANDI SAS &#8211; 63-65 boulevard Mass\u00e9na, 75013 Paris, France Website creation: Lo\u00efc Thisse Logo creation: Atelier [&hellip;]\" \/>\n<meta property=\"og:url\" content=\"https:\/\/cfbenaim.com\/en\/legal-notice\/\" \/>\n<meta property=\"og:site_name\" content=\"Compagnie Christian et Fran\u00e7ois Ben A\u00efm\" \/>\n<meta property=\"article:publisher\" content=\"https:\/\/www.facebook.com\/christianetfrancoisbenaim\" \/>\n<meta property=\"article:modified_time\" content=\"2024-10-29T15:23:31+00:00\" \/>\n<meta property=\"og:image\" content=\"https:\/\/cfbenaim.com\/wp-content\/uploads\/2021\/07\/faceties.jpg\" \/>\n\t<meta property=\"og:image:width\" content=\"1920\" \/>\n\t<meta property=\"og:image:height\" content=\"1319\" \/>\n\t<meta property=\"og:image:type\" content=\"image\/jpeg\" \/>\n<meta name=\"twitter:card\" content=\"summary_large_image\" \/>\n<meta name=\"twitter:label1\" content=\"Est. reading time\" \/>\n\t<meta name=\"twitter:data1\" content=\"1 minute\" \/>\n<script type=\"application\/ld+json\" class=\"yoast-schema-graph\">{\"@context\":\"https:\/\/schema.org\",\"@graph\":[{\"@type\":\"WebPage\",\"@id\":\"https:\/\/cfbenaim.com\/en\/legal-notice\/\",\"url\":\"https:\/\/cfbenaim.com\/en\/legal-notice\/\",\"name\":\"Legal notice - Compagnie Christian et Fran\u00e7ois Ben A\u00efm\",\"isPartOf\":{\"@id\":\"https:\/\/cfbenaim.com\/#website\"},\"datePublished\":\"2021-09-26T21:58:41+00:00\",\"dateModified\":\"2024-10-29T15:23:31+00:00\",\"breadcrumb\":{\"@id\":\"https:\/\/cfbenaim.com\/en\/legal-notice\/#breadcrumb\"},\"inLanguage\":\"en-US\",\"potentialAction\":[{\"@type\":\"ReadAction\",\"target\":[\"https:\/\/cfbenaim.com\/en\/legal-notice\/\"]}]},{\"@type\":\"BreadcrumbList\",\"@id\":\"https:\/\/cfbenaim.com\/en\/legal-notice\/#breadcrumb\",\"itemListElement\":[{\"@type\":\"ListItem\",\"position\":1,\"name\":\"Accueil\",\"item\":\"https:\/\/cfbenaim.com\/en\/\"},{\"@type\":\"ListItem\",\"position\":2,\"name\":\"Legal notice\"}]},{\"@type\":\"WebSite\",\"@id\":\"https:\/\/cfbenaim.com\/#website\",\"url\":\"https:\/\/cfbenaim.com\/\",\"name\":\"Compagnie Christian et Fran\u00e7ois Ben A\u00efm\",\"description\":\"Chor\u00e9graphes\",\"publisher\":{\"@id\":\"https:\/\/cfbenaim.com\/#organization\"},\"potentialAction\":[{\"@type\":\"SearchAction\",\"target\":{\"@type\":\"EntryPoint\",\"urlTemplate\":\"https:\/\/cfbenaim.com\/?s={search_term_string}\"},\"query-input\":{\"@type\":\"PropertyValueSpecification\",\"valueRequired\":true,\"valueName\":\"search_term_string\"}}],\"inLanguage\":\"en-US\"},{\"@type\":\"Organization\",\"@id\":\"https:\/\/cfbenaim.com\/#organization\",\"name\":\"Compagnie Christian et Fran\u00e7ois Ben A\u00efm\",\"url\":\"https:\/\/cfbenaim.com\/\",\"logo\":{\"@type\":\"ImageObject\",\"inLanguage\":\"en-US\",\"@id\":\"https:\/\/cfbenaim.com\/#\/schema\/logo\/image\/\",\"url\":\"https:\/\/cfbenaim.com\/wp-content\/uploads\/2021\/07\/benaim_logo_noir.png\",\"contentUrl\":\"https:\/\/cfbenaim.com\/wp-content\/uploads\/2021\/07\/benaim_logo_noir.png\",\"width\":500,\"height\":413,\"caption\":\"Compagnie Christian et Fran\u00e7ois Ben A\u00efm\"},\"image\":{\"@id\":\"https:\/\/cfbenaim.com\/#\/schema\/logo\/image\/\"},\"sameAs\":[\"https:\/\/www.facebook.com\/christianetfrancoisbenaim\",\"https:\/\/www.instagram.com\/cfbenaim\/\",\"https:\/\/www.linkedin.com\/company\/christian-et-fran\u00e7ois-ben-a\u00efm\/\",\"https:\/\/www.youtube.com\/channel\/UCuWIHFD_xxAfpkyxSC25E6g\"]}]}<\/script>\n<!-- \/ Yoast SEO plugin. -->","yoast_head_json":{"title":"Legal notice - Compagnie Christian et Fran\u00e7ois Ben A\u00efm","robots":{"index":"index","follow":"follow","max-snippet":"max-snippet:-1","max-image-preview":"max-image-preview:large","max-video-preview":"max-video-preview:-1"},"canonical":"https:\/\/cfbenaim.com\/en\/legal-notice\/","og_locale":"en_US","og_type":"article","og_title":"Legal notice - Compagnie Christian et Fran\u00e7ois Ben A\u00efm","og_description":"[vc_row][vc_column][vc_column_text]Christian &amp; Fran\u00e7ois Ben A\u00efm Company CFB 451 MCVA &#8211; rue Jean Monnet, 94270, Le Kremlin Bic\u00eatre Association Loi 1901 Siret number: 431 947 738 00057 Intra community VAT: FR 5043194773800032 License: L-R-2020-006796 Publication manager: In\u00e8s Mouzarine communication@cfbenaim.com Hosting GANDI SAS &#8211; 63-65 boulevard Mass\u00e9na, 75013 Paris, France Website creation: Lo\u00efc Thisse Logo creation: Atelier [&hellip;]","og_url":"https:\/\/cfbenaim.com\/en\/legal-notice\/","og_site_name":"Compagnie Christian et Fran\u00e7ois Ben A\u00efm","article_publisher":"https:\/\/www.facebook.com\/christianetfrancoisbenaim","article_modified_time":"2024-10-29T15:23:31+00:00","og_image":[{"width":1920,"height":1319,"url":"https:\/\/cfbenaim.com\/wp-content\/uploads\/2021\/07\/faceties.jpg","type":"image\/jpeg"}],"twitter_card":"summary_large_image","twitter_misc":{"Est. reading time":"1 minute"},"schema":{"@context":"https:\/\/schema.org","@graph":[{"@type":"WebPage","@id":"https:\/\/cfbenaim.com\/en\/legal-notice\/","url":"https:\/\/cfbenaim.com\/en\/legal-notice\/","name":"Legal notice - Compagnie Christian et Fran\u00e7ois Ben A\u00efm","isPartOf":{"@id":"https:\/\/cfbenaim.com\/#website"},"datePublished":"2021-09-26T21:58:41+00:00","dateModified":"2024-10-29T15:23:31+00:00","breadcrumb":{"@id":"https:\/\/cfbenaim.com\/en\/legal-notice\/#breadcrumb"},"inLanguage":"en-US","potentialAction":[{"@type":"ReadAction","target":["https:\/\/cfbenaim.com\/en\/legal-notice\/"]}]},{"@type":"BreadcrumbList","@id":"https:\/\/cfbenaim.com\/en\/legal-notice\/#breadcrumb","itemListElement":[{"@type":"ListItem","position":1,"name":"Accueil","item":"https:\/\/cfbenaim.com\/en\/"},{"@type":"ListItem","position":2,"name":"Legal notice"}]},{"@type":"WebSite","@id":"https:\/\/cfbenaim.com\/#website","url":"https:\/\/cfbenaim.com\/","name":"Compagnie Christian et Fran\u00e7ois Ben A\u00efm","description":"Chor\u00e9graphes","publisher":{"@id":"https:\/\/cfbenaim.com\/#organization"},"potentialAction":[{"@type":"SearchAction","target":{"@type":"EntryPoint","urlTemplate":"https:\/\/cfbenaim.com\/?s={search_term_string}"},"query-input":{"@type":"PropertyValueSpecification","valueRequired":true,"valueName":"search_term_string"}}],"inLanguage":"en-US"},{"@type":"Organization","@id":"https:\/\/cfbenaim.com\/#organization","name":"Compagnie Christian et Fran\u00e7ois Ben A\u00efm","url":"https:\/\/cfbenaim.com\/","logo":{"@type":"ImageObject","inLanguage":"en-US","@id":"https:\/\/cfbenaim.com\/#\/schema\/logo\/image\/","url":"https:\/\/cfbenaim.com\/wp-content\/uploads\/2021\/07\/benaim_logo_noir.png","contentUrl":"https:\/\/cfbenaim.com\/wp-content\/uploads\/2021\/07\/benaim_logo_noir.png","width":500,"height":413,"caption":"Compagnie Christian et Fran\u00e7ois Ben A\u00efm"},"image":{"@id":"https:\/\/cfbenaim.com\/#\/schema\/logo\/image\/"},"sameAs":["https:\/\/www.facebook.com\/christianetfrancoisbenaim","https:\/\/www.instagram.com\/cfbenaim\/","https:\/\/www.linkedin.com\/company\/christian-et-fran\u00e7ois-ben-a\u00efm\/","https:\/\/www.youtube.com\/channel\/UCuWIHFD_xxAfpkyxSC25E6g"]}]}},"_links":{"self":[{"href":"https:\/\/cfbenaim.com\/en\/wp-json\/wp\/v2\/pages\/17285","targetHints":{"allow":["GET"]}}],"collection":[{"href":"https:\/\/cfbenaim.com\/en\/wp-json\/wp\/v2\/pages"}],"about":[{"href":"https:\/\/cfbenaim.com\/en\/wp-json\/wp\/v2\/types\/page"}],"author":[{"embeddable":true,"href":"https:\/\/cfbenaim.com\/en\/wp-json\/wp\/v2\/users\/1"}],"replies":[{"embeddable":true,"href":"https:\/\/cfbenaim.com\/en\/wp-json\/wp\/v2\/comments?post=17285"}],"version-history":[{"count":10,"href":"https:\/\/cfbenaim.com\/en\/wp-json\/wp\/v2\/pages\/17285\/revisions"}],"predecessor-version":[{"id":19827,"href":"https:\/\/cfbenaim.com\/en\/wp-json\/wp\/v2\/pages\/17285\/revisions\/19827"}],"wp:attachment":[{"href":"https:\/\/cfbenaim.com\/en\/wp-json\/wp\/v2\/media?parent=17285"}],"curies":[{"name":"wp","href":"https:\/\/api.w.org\/{rel}","templated":true}]}}